{"id":368118,"date":"2024-06-12T10:13:05","date_gmt":"2024-06-12T10:13:05","guid":{"rendered":"https:\/\/www.glassfilms.eu\/new\/?post_type=product&#038;p=368118"},"modified":"2024-11-19T14:13:57","modified_gmt":"2024-11-19T14:13:57","slug":"sx-3068-orchid-transparent-dichroic-film","status":"publish","type":"product","link":"https:\/\/staging.glassfilms.eu\/it\/prodotto\/pellicole-di-vetro\/coloured-window-film\/dichroic-window-film\/sx-3068-orchidea-film-dicroico-trasparente\/","title":{"rendered":"SX-3068 Pellicola dicroica trasparente Orchidea"},"content":{"rendered":"","protected":false},"excerpt":{"rendered":"<p>La pellicola poliestere dicroica SOLYX SX-3068 Orchid \u00e8 progettata per l'applicazione su superfici di vetro interne. Questa pellicola \u00e8 realizzata in poliestere resistente a pi\u00f9 strati per ottenere effetti speciali di cambiamento di colore. Lo spessore nominale totale \u00e8 di 2,0mil. Questa pellicola \u00e8 prodotta con un liner in silicone, che protegge l'adesivo trasparente sensibile alla pressione, e si applica con gli stessi strumenti e le stesse tecniche di applicazione delle pellicole per finestre standard.<\/p>\n<p>I colori di questa pellicola dicroica cambiano al variare dell'angolo di osservazione. I colori, se osservati con la luce alle spalle (di giorno guardando dall'interno verso l'esterno), sono Viola, Blu, Rosso, Arancione e Giallo. Quando si osserva la pellicola con meno luce alle spalle (di giorno dall'esterno) il colore \u00e8 argento\/oro riflettente.<\/p>","protected":false},"featured_media":368171,"template":"","meta":{"_acf_changed":false},"product_brand":[],"product_cat":[302,523,301],"product_tag":[],"class_list":{"0":"post-368118","1":"product","2":"type-product","3":"status-publish","4":"has-post-thumbnail","6":"product_cat-coloured-window-film","7":"product_cat-dichroic-window-film","8":"product_cat-glass-films","9":"pa_brand-solyx","11":"first","12":"onbackorder","13":"featured","14":"taxable","15":"shipping-taxable","16":"purchasable","17":"product-type-variable","18":"has-default-attributes"},"acf":[],"_links":{"self":[{"href":"https:\/\/staging.glassfilms.eu\/it\/wp-json\/wp\/v2\/product\/368118","targetHints":{"allow":["GET"]}}],"collection":[{"href":"https:\/\/staging.glassfilms.eu\/it\/wp-json\/wp\/v2\/product"}],"about":[{"href":"https:\/\/staging.glassfilms.eu\/it\/wp-json\/wp\/v2\/types\/product"}],"version-history":[{"count":1,"href":"https:\/\/staging.glassfilms.eu\/it\/wp-json\/wp\/v2\/product\/368118\/revisions"}],"predecessor-version":[{"id":384228,"href":"https:\/\/staging.glassfilms.eu\/it\/wp-json\/wp\/v2\/product\/368118\/revisions\/384228"}],"wp:featuredmedia":[{"embeddable":true,"href":"https:\/\/staging.glassfilms.eu\/it\/wp-json\/wp\/v2\/media\/368171"}],"wp:attachment":[{"href":"https:\/\/staging.glassfilms.eu\/it\/wp-json\/wp\/v2\/media?parent=368118"}],"wp:term":[{"taxonomy":"product_brand","embeddable":true,"href":"https:\/\/staging.glassfilms.eu\/it\/wp-json\/wp\/v2\/product_brand?post=368118"},{"taxonomy":"product_cat","embeddable":true,"href":"https:\/\/staging.glassfilms.eu\/it\/wp-json\/wp\/v2\/product_cat?post=368118"},{"taxonomy":"product_tag","embeddable":true,"href":"https:\/\/staging.glassfilms.eu\/it\/wp-json\/wp\/v2\/product_tag?post=368118"}],"curies":[{"name":"wp","href":"https:\/\/api.w.org\/{rel}","templated":true}]}}