{"id":368196,"date":"2024-06-12T10:13:27","date_gmt":"2024-06-12T10:13:27","guid":{"rendered":"https:\/\/www.glassfilms.eu\/new\/?post_type=product&#038;p=368196"},"modified":"2024-11-19T14:08:40","modified_gmt":"2024-11-19T14:08:40","slug":"sx-3069-chromatic-dichroic-film","status":"publish","type":"product","link":"https:\/\/staging.glassfilms.eu\/it\/prodotto\/pellicole-di-vetro\/coloured-window-film\/dichroic-window-film\/sx-3069-film-dicroico-cromatico\/","title":{"rendered":"SX-3069 Pellicola dicroica cromatica"},"content":{"rendered":"","protected":false},"excerpt":{"rendered":"<p>SOLYX SX-3069 La pellicola dicroica in poliestere Chromatic \u00e8 progettata per l'applicazione su superfici di vetro interne. Chromatic \u00e8 una pellicola dicroica che cambia colore senza metallo. Questa pellicola \u00e8 realizzata in poliestere resistente a pi\u00f9 strati per ottenere effetti speciali di cambiamento di colore. Lo spessore nominale totale \u00e8 di 2,0mil. Questa pellicola \u00e8 prodotta con un liner in silicone, che protegge l'adesivo trasparente sensibile alla pressione, e si applica con gli stessi strumenti e le stesse tecniche di applicazione delle pellicole per finestre standard.<br \/>\nI colori di questa pellicola dicroica cambiano al variare dell'angolo di osservazione. I colori, se osservati con la luce alle spalle (di giorno guardando dall'interno verso l'esterno), sono Ciano, Blu e Magenta. Quando si osserva la pellicola con meno luce alle spalle (di giorno dall'esterno) il colore \u00e8 argento\/oro riflettente.<\/p>","protected":false},"featured_media":368225,"template":"","meta":{"_acf_changed":false},"product_brand":[],"product_cat":[302,523,301],"product_tag":[],"class_list":{"0":"post-368196","1":"product","2":"type-product","3":"status-publish","4":"has-post-thumbnail","6":"product_cat-coloured-window-film","7":"product_cat-dichroic-window-film","8":"product_cat-glass-films","9":"pa_brand-solyx","11":"first","12":"onbackorder","13":"taxable","14":"shipping-taxable","15":"purchasable","16":"product-type-variable","17":"has-default-attributes"},"acf":[],"_links":{"self":[{"href":"https:\/\/staging.glassfilms.eu\/it\/wp-json\/wp\/v2\/product\/368196","targetHints":{"allow":["GET"]}}],"collection":[{"href":"https:\/\/staging.glassfilms.eu\/it\/wp-json\/wp\/v2\/product"}],"about":[{"href":"https:\/\/staging.glassfilms.eu\/it\/wp-json\/wp\/v2\/types\/product"}],"version-history":[{"count":1,"href":"https:\/\/staging.glassfilms.eu\/it\/wp-json\/wp\/v2\/product\/368196\/revisions"}],"predecessor-version":[{"id":384233,"href":"https:\/\/staging.glassfilms.eu\/it\/wp-json\/wp\/v2\/product\/368196\/revisions\/384233"}],"wp:featuredmedia":[{"embeddable":true,"href":"https:\/\/staging.glassfilms.eu\/it\/wp-json\/wp\/v2\/media\/368225"}],"wp:attachment":[{"href":"https:\/\/staging.glassfilms.eu\/it\/wp-json\/wp\/v2\/media?parent=368196"}],"wp:term":[{"taxonomy":"product_brand","embeddable":true,"href":"https:\/\/staging.glassfilms.eu\/it\/wp-json\/wp\/v2\/product_brand?post=368196"},{"taxonomy":"product_cat","embeddable":true,"href":"https:\/\/staging.glassfilms.eu\/it\/wp-json\/wp\/v2\/product_cat?post=368196"},{"taxonomy":"product_tag","embeddable":true,"href":"https:\/\/staging.glassfilms.eu\/it\/wp-json\/wp\/v2\/product_tag?post=368196"}],"curies":[{"name":"wp","href":"https:\/\/api.w.org\/{rel}","templated":true}]}}