{"id":368211,"date":"2024-06-12T10:13:28","date_gmt":"2024-06-12T10:13:28","guid":{"rendered":"https:\/\/www.glassfilms.eu\/new\/?post_type=product&#038;p=368211"},"modified":"2024-11-19T18:02:02","modified_gmt":"2024-11-19T18:02:02","slug":"sgc-6525-clover-glass","status":"publish","type":"product","link":"https:\/\/staging.glassfilms.eu\/it\/prodotto\/pellicole-di-vetro\/simulated-glass-films\/sgc-6525-clover-glass-2\/","title":{"rendered":"SGC-6525 Vetro trifoglio"},"content":{"rendered":"","protected":false},"excerpt":{"rendered":"<p>SGC-6525-58 Clover Glass \u00e8 una pellicola trasparente leggermente strutturata, realizzata in poliestere resistente, che offre una visione attenuata e distorta. Questa pellicola dimensionalmente stabile \u00e8 stabilizzata ai raggi UV 100%, non scolorisce e non si ritira, ed \u00e8 fornita con un liner rivestito in silicone che protegge l'adesivo acrilico trasparente sensibile alla pressione. \u00c8 consigliata per l'applicazione su vetro interno ed \u00e8 ideale per la distrazione semi-privata in applicazioni decorative o architettoniche.<\/p>","protected":false},"featured_media":368244,"template":"","meta":{"_acf_changed":false},"product_brand":[],"product_cat":[378],"product_tag":[],"class_list":{"0":"post-368211","1":"product","2":"type-product","3":"status-publish","4":"has-post-thumbnail","6":"product_cat-simulated-glass-films","7":"pa_brand-simglas","9":"first","10":"onbackorder","11":"taxable","12":"shipping-taxable","13":"purchasable","14":"product-type-variable","15":"has-default-attributes"},"acf":[],"_links":{"self":[{"href":"https:\/\/staging.glassfilms.eu\/it\/wp-json\/wp\/v2\/product\/368211","targetHints":{"allow":["GET"]}}],"collection":[{"href":"https:\/\/staging.glassfilms.eu\/it\/wp-json\/wp\/v2\/product"}],"about":[{"href":"https:\/\/staging.glassfilms.eu\/it\/wp-json\/wp\/v2\/types\/product"}],"version-history":[{"count":2,"href":"https:\/\/staging.glassfilms.eu\/it\/wp-json\/wp\/v2\/product\/368211\/revisions"}],"predecessor-version":[{"id":384022,"href":"https:\/\/staging.glassfilms.eu\/it\/wp-json\/wp\/v2\/product\/368211\/revisions\/384022"}],"wp:featuredmedia":[{"embeddable":true,"href":"https:\/\/staging.glassfilms.eu\/it\/wp-json\/wp\/v2\/media\/368244"}],"wp:attachment":[{"href":"https:\/\/staging.glassfilms.eu\/it\/wp-json\/wp\/v2\/media?parent=368211"}],"wp:term":[{"taxonomy":"product_brand","embeddable":true,"href":"https:\/\/staging.glassfilms.eu\/it\/wp-json\/wp\/v2\/product_brand?post=368211"},{"taxonomy":"product_cat","embeddable":true,"href":"https:\/\/staging.glassfilms.eu\/it\/wp-json\/wp\/v2\/product_cat?post=368211"},{"taxonomy":"product_tag","embeddable":true,"href":"https:\/\/staging.glassfilms.eu\/it\/wp-json\/wp\/v2\/product_tag?post=368211"}],"curies":[{"name":"wp","href":"https:\/\/api.w.org\/{rel}","templated":true}]}}