{"id":368213,"date":"2024-06-12T10:13:28","date_gmt":"2024-06-12T10:13:28","guid":{"rendered":"https:\/\/www.glassfilms.eu\/new\/?post_type=product&#038;p=368213"},"modified":"2024-11-19T18:05:47","modified_gmt":"2024-11-19T18:05:47","slug":"sgc-6527-new-hammered-glass","status":"publish","type":"product","link":"https:\/\/staging.glassfilms.eu\/it\/prodotto\/pellicole-di-vetro\/simulated-glass-films\/sgc-6527-new-hammered-glass-2\/","title":{"rendered":"SGC-6527 Nuovo vetro martellato"},"content":{"rendered":"<h2><span style=\"font-weight: 400;\">SimGlas Crystal Window Film UK FAQs<\/span><\/h2>\n<p><span style=\"font-weight: 400;\">Di seguito abbiamo risposto ad alcune delle domande pi\u00f9 comuni sull'acquisto di pellicole per finestre con design in cristallo.\u00a0<\/span><span style=\"font-weight: 400;\">Se non trovate la vostra richiesta, contattate il nostro servizio clienti chiamando il numero <\/span><span style=\"font-weight: 400;\">\u00a0<\/span><b>0800 970 6366<\/b><span style=\"font-weight: 400;\"> o inviateci un'e-mail all'indirizzo <\/span><a href=\"mailto:sales@glassfilms.eu\"><span style=\"font-weight: 400;\">sales@glassfilms.eu<\/span><\/a><span style=\"font-weight: 400;\">.<\/span><\/p>\n<p><span style=\"font-weight: 400;\">Potete anche tenervi aggiornati sulle nostre ultime novit\u00e0 e sui lanci dei prodotti seguendoci su <\/span><a href=\"https:\/\/twitter.com\/glassfilmseu\" target=\"_blank\" rel=\"noopener\"><span style=\"font-weight: 400;\">Twitter<\/span><\/a><span style=\"font-weight: 400;\">, <\/span><a href=\"https:\/\/www.facebook.com\/glassfilmseurope\" target=\"_blank\" rel=\"noopener\"><span style=\"font-weight: 400;\">Facebook<\/span><\/a><span style=\"font-weight: 400;\"> o <\/span><a href=\"https:\/\/www.pinterest.co.uk\/glassfilms\/\" target=\"_blank\" rel=\"noopener\"><span style=\"font-weight: 400;\">Pinterest<\/span><\/a><span style=\"font-weight: 400;\">.\u00a0<\/span><\/p>\n<p><span style=\"font-weight: 400;\">Oppure potete esplorare la nostra gamma completa di prodotti sfogliando la sezione <\/span><a href=\"https:\/\/staging.glassfilms.eu\/it\/catalogo\/\"><span style=\"font-weight: 400;\">Catalogo delle pellicole di vetro<\/span><\/a><span style=\"font-weight: 400;\">.\u00a0<\/span><\/p>\n<h3><span style=\"font-weight: 400;\">Che cos'\u00e8 il vetro di cristallo?<\/span><\/h3>\n<p><span style=\"font-weight: 400;\">Per chi non conosce il vetro di cristallo, si tratta di una forma di vetro lussuosa utilizzata per realizzare oggetti di vetro di alta gamma come bicchieri da vino, decanter e lampadari. I bicchieri di cristallo sono spesso riservati alle occasioni pi\u00f9 prestigiose.\u00a0<\/span><span style=\"font-weight: 400;\">Conosciute per la loro limpidezza e bellezza abbagliante, molte di queste caratteristiche del vetro di cristallo sono state replicate anche nelle nostre pellicole per finestre SGC.\u00a0<\/span><span style=\"font-weight: 400;\">\u00c8 possibile scegliere una pellicola per finestre SGC che offra privacy. Tuttavia, la gamma SGC viene preferita soprattutto per migliorare l'aspetto del vetro della finestra stessa.\u00a0<\/span><\/p>\n<h3><span style=\"font-weight: 400;\">Cosa sono le pellicole per finestre in cristallo?<\/span><\/h3>\n<p><span style=\"font-weight: 400;\">SGC - SimGlas\u00ae \u00e8 il nome dato alle nostre pellicole per finestre che conferiscono l'aspetto del vetro cristallino.\u00a0<\/span><span style=\"font-weight: 400;\">La possibilit\u00e0 di applicare l'aspetto di alto livello del vetro di cristallo su un vetro semplice attraverso l'uso di pellicole per finestre riduce i costi, i tempi e gli sforzi necessari per aggiornare le superfici in vetro. Il risultato \u00e8 un aspetto sofisticato del vetro e una maggiore privacy.\u00a0<\/span><span style=\"font-weight: 400;\">Dopo la sigla \"SGC\", \u00e8 riportato un codice prodotto specifico. Ogni codice SGC si riferisce a uno stile diverso di vetro per finestre in cristallo per facilitare l'ordinazione.<\/span><\/p>\n<h3><span style=\"font-weight: 400;\">Qual \u00e8 la differenza tra il vetro per finestre in cristallo e la pellicola per finestre in cristallo?<\/span><\/h3>\n<p><span style=\"font-weight: 400;\">Come la maggior parte degli stili di vetro decorativo, non \u00e8 facile o economico produrre vetro di cristallo. Inoltre, non tutti gli stili di vetro sono adatti per usi particolari, come ad esempio all'interno di finestre o porte.\u00a0<\/span><span style=\"font-weight: 400;\">Ma quando il design di classe del cristallo viene replicato nelle pellicole per finestre, le opportunit\u00e0 diventano improvvisamente infinite.\u00a0<\/span><\/p>\n<p><span style=\"font-weight: 400;\">Un esempio simile \u00e8 quello delle piastrelle in gres porcellanato che possono riprodurre i pavimenti in legno, per offrire ai proprietari di casa una superficie pi\u00f9 pratica. Lo stesso principio si applica anche alle pellicole per finestre in cristallo SGC, in quanto \u00e8 possibile ottenere l'aspetto del vetro di cristallo, ma in un formato di pellicola per finestre di facile utilizzo.\u00a0<\/span><span style=\"font-weight: 400;\">Come stiamo per illustrare con i nostri suggerimenti d'uso, sono molti i modi in cui la pellicola per finestre in cristallo SGC pu\u00f2 essere utilizzata negli spazi interni della vostra casa.<\/span><\/p>\n<h3><span style=\"font-weight: 400;\">Dove acquistare <\/span><span style=\"font-weight: 400;\">Cristallo <\/span><span style=\"font-weight: 400;\">Pellicola per finestre?<\/span><\/h3>\n<p><span style=\"font-weight: 400;\">Glass Films propone un'ampia gamma di pellicole per finestre in cristallo (note come SGC) sul nostro sito web. Le pellicole per finestre in cristallo imitano le caratteristiche del vetro di cristallo, ma in un formato di pellicola per finestre in vinile. Per acquistare le nostre pellicole per finestre, \u00e8 sufficiente acquistare lo stile preferito, selezionare le dimensioni necessarie ed effettuare l'ordine.\u00a0<\/span><\/p>\n<h3><span style=\"font-weight: 400;\">La pellicola per finestre tiene lontano il calore?<\/span><\/h3>\n<p><span style=\"font-weight: 400;\">S\u00ec, a seconda della pellicola per finestre scelta. Per la massima reiezione del calore, suggeriamo le nostre pellicole per finestre <\/span><a href=\"https:\/\/staging.glassfilms.eu\/it\/prodotto\/decorative-glass-films\/ultracool-s6060-60-vlt-silver-window-film-2\/\"><span style=\"font-weight: 400;\">UltraCool-S6060 60% VLT Argento Pellicola per finestre<\/span><\/a><span style=\"font-weight: 400;\"> che vanta una reiezione del calore solare di 43%. All'interno della nostra gamma SGC, in particolare, troverete una serie di pellicole per finestre con diverse classificazioni di trasmissione dei raggi UV, una propriet\u00e0 simile da tenere d'occhio.\u00a0<\/span><\/p>\n<h3><span style=\"font-weight: 400;\">Come montare la pellicola per finestre<\/span><\/h3>\n<p><span style=\"font-weight: 400;\">Le istruzioni su come montare la pellicola per finestre sono riportate nell'elenco dei prodotti. Abbiamo reso il processo semplice, in modo che possiate installare e rimuovere facilmente la pellicola per finestre. In alternativa, potete rivolgervi a un installatore di pellicole per finestre di fiducia che le applichi per voi.\u00a0<\/span><\/p>","protected":false},"excerpt":{"rendered":"<p>SGC-6527-58 New Hammered \u00e8 una pellicola trasparente leggermente strutturata in poliestere resistente che offre una visione attenuata e distorta.<br \/>\nQuesta pellicola dimensionalmente stabile \u00e8 stabilizzata ai raggi UV 100%, non scolorisce e non si ritira, ed \u00e8 fornita con un liner rivestito in silicone che protegge l'adesivo acrilico trasparente sensibile alla pressione. \u00c8 consigliata per l'applicazione su vetro interno ed \u00e8 ideale per la distrazione semi-privata in applicazioni decorative o architettoniche.<\/p>","protected":false},"featured_media":368246,"template":"","meta":{"_acf_changed":false},"product_brand":[],"product_cat":[378],"product_tag":[],"class_list":{"0":"post-368213","1":"product","2":"type-product","3":"status-publish","4":"has-post-thumbnail","6":"product_cat-simulated-glass-films","7":"pa_brand-simglas","9":"first","10":"onbackorder","11":"taxable","12":"shipping-taxable","13":"purchasable","14":"product-type-variable","15":"has-default-attributes"},"acf":[],"_links":{"self":[{"href":"https:\/\/staging.glassfilms.eu\/it\/wp-json\/wp\/v2\/product\/368213","targetHints":{"allow":["GET"]}}],"collection":[{"href":"https:\/\/staging.glassfilms.eu\/it\/wp-json\/wp\/v2\/product"}],"about":[{"href":"https:\/\/staging.glassfilms.eu\/it\/wp-json\/wp\/v2\/types\/product"}],"version-history":[{"count":1,"href":"https:\/\/staging.glassfilms.eu\/it\/wp-json\/wp\/v2\/product\/368213\/revisions"}],"predecessor-version":[{"id":385524,"href":"https:\/\/staging.glassfilms.eu\/it\/wp-json\/wp\/v2\/product\/368213\/revisions\/385524"}],"wp:featuredmedia":[{"embeddable":true,"href":"https:\/\/staging.glassfilms.eu\/it\/wp-json\/wp\/v2\/media\/368246"}],"wp:attachment":[{"href":"https:\/\/staging.glassfilms.eu\/it\/wp-json\/wp\/v2\/media?parent=368213"}],"wp:term":[{"taxonomy":"product_brand","embeddable":true,"href":"https:\/\/staging.glassfilms.eu\/it\/wp-json\/wp\/v2\/product_brand?post=368213"},{"taxonomy":"product_cat","embeddable":true,"href":"https:\/\/staging.glassfilms.eu\/it\/wp-json\/wp\/v2\/product_cat?post=368213"},{"taxonomy":"product_tag","embeddable":true,"href":"https:\/\/staging.glassfilms.eu\/it\/wp-json\/wp\/v2\/product_tag?post=368213"}],"curies":[{"name":"wp","href":"https:\/\/api.w.org\/{rel}","templated":true}]}}