{"id":368511,"date":"2024-06-12T10:14:44","date_gmt":"2024-06-12T10:14:44","guid":{"rendered":"https:\/\/www.glassfilms.eu\/new\/?post_type=product&#038;p=368511"},"modified":"2024-11-26T14:47:34","modified_gmt":"2024-11-26T14:47:34","slug":"sx-7000-vintage-gold-on-clear","status":"publish","type":"product","link":"https:\/\/staging.glassfilms.eu\/it\/prodotto\/pellicole-di-vetro\/patterned-window-film\/sx-7000-vintage-gold-on-clear\/","title":{"rendered":"SX-7000 oro vintage su trasparente"},"content":{"rendered":"","protected":false},"excerpt":{"rendered":"<p>SX-7000 Vintage Gold on Clear \u00e8 una pellicola in poliestere trasparente con un disegno decorativo che pu\u00f2 essere utilizzato per creare un aspetto antico e dorato. Questa pellicola \u00e8 dotata di un rivestimento antigraffio, di un acrilico a base solvente, di un adesivo sensibile alla pressione e di un rivestimento in poliestere da 1 mm. \u00c8 ideale come rivestimento decorativo installato su specchi o vetri esistenti.<\/p>","protected":false},"featured_media":368540,"template":"","meta":{"_acf_changed":false},"product_brand":[],"product_cat":[788,301,306],"product_tag":[768],"class_list":{"0":"post-368511","1":"product","2":"type-product","3":"status-publish","4":"has-post-thumbnail","6":"product_cat-antique-vintage-window-films","7":"product_cat-glass-films","8":"product_cat-patterned-window-film","9":"product_tag-vintage","10":"pa_brand-solyx","12":"first","13":"onbackorder","14":"taxable","15":"shipping-taxable","16":"purchasable","17":"product-type-variable","18":"has-default-attributes"},"acf":[],"_links":{"self":[{"href":"https:\/\/staging.glassfilms.eu\/it\/wp-json\/wp\/v2\/product\/368511","targetHints":{"allow":["GET"]}}],"collection":[{"href":"https:\/\/staging.glassfilms.eu\/it\/wp-json\/wp\/v2\/product"}],"about":[{"href":"https:\/\/staging.glassfilms.eu\/it\/wp-json\/wp\/v2\/types\/product"}],"version-history":[{"count":1,"href":"https:\/\/staging.glassfilms.eu\/it\/wp-json\/wp\/v2\/product\/368511\/revisions"}],"predecessor-version":[{"id":380038,"href":"https:\/\/staging.glassfilms.eu\/it\/wp-json\/wp\/v2\/product\/368511\/revisions\/380038"}],"wp:featuredmedia":[{"embeddable":true,"href":"https:\/\/staging.glassfilms.eu\/it\/wp-json\/wp\/v2\/media\/368540"}],"wp:attachment":[{"href":"https:\/\/staging.glassfilms.eu\/it\/wp-json\/wp\/v2\/media?parent=368511"}],"wp:term":[{"taxonomy":"product_brand","embeddable":true,"href":"https:\/\/staging.glassfilms.eu\/it\/wp-json\/wp\/v2\/product_brand?post=368511"},{"taxonomy":"product_cat","embeddable":true,"href":"https:\/\/staging.glassfilms.eu\/it\/wp-json\/wp\/v2\/product_cat?post=368511"},{"taxonomy":"product_tag","embeddable":true,"href":"https:\/\/staging.glassfilms.eu\/it\/wp-json\/wp\/v2\/product_tag?post=368511"}],"curies":[{"name":"wp","href":"https:\/\/api.w.org\/{rel}","templated":true}]}}