{"id":366590,"date":"2024-06-12T10:07:05","date_gmt":"2024-06-12T10:07:05","guid":{"rendered":"https:\/\/www.glassfilms.eu\/new\/?post_type=product&#038;p=366590"},"modified":"2024-11-15T15:53:23","modified_gmt":"2024-11-15T15:53:23","slug":"sxp-063uv-lime-tree-green","status":"publish","type":"product","link":"https:\/\/staging.glassfilms.eu\/sv\/produkt\/glasfilmer\/coloured-window-film\/sxp-063uv-lime-tree-green\/","title":{"rendered":"SXP-063UV Lime Tree Green"},"content":{"rendered":"","protected":false},"excerpt":{"rendered":"<p>Transparent, optiskt klar, UV-stabiliserad, f\u00e4rgad polyesterfilm med rept\u00e5lig skyddsbel\u00e4ggning. Glansig yta. Skapad f\u00f6r h\u00f6gkvalitativ design av belyst eller f\u00e4rgat glas, f\u00f6nstergrafik och bakbelysta glasytor. Finns i 25 glansiga f\u00e4rger som kan \u00f6verlagras f\u00f6r att skapa en o\u00e4ndlig f\u00e4rgpalett. (F\u00e4rgerna p\u00e5 bilderna \u00e4r representativa. Best\u00e4ll prover f\u00f6r att se exakta f\u00e4rger). Denna film \u00e4r l\u00e4mplig f\u00f6r installation i direkt solljus!<\/p>","protected":false},"featured_media":366660,"template":"","meta":{"_acf_changed":false},"product_brand":[],"product_cat":[302,301],"product_tag":[],"class_list":{"0":"post-366590","1":"product","2":"type-product","3":"status-publish","4":"has-post-thumbnail","6":"product_cat-coloured-window-film","7":"product_cat-glass-films","8":"pa_brand-solyx","10":"first","11":"onbackorder","12":"taxable","13":"shipping-taxable","14":"purchasable","15":"product-type-variable","16":"has-default-attributes"},"acf":[],"_links":{"self":[{"href":"https:\/\/staging.glassfilms.eu\/sv\/wp-json\/wp\/v2\/product\/366590","targetHints":{"allow":["GET"]}}],"collection":[{"href":"https:\/\/staging.glassfilms.eu\/sv\/wp-json\/wp\/v2\/product"}],"about":[{"href":"https:\/\/staging.glassfilms.eu\/sv\/wp-json\/wp\/v2\/types\/product"}],"version-history":[{"count":2,"href":"https:\/\/staging.glassfilms.eu\/sv\/wp-json\/wp\/v2\/product\/366590\/revisions"}],"predecessor-version":[{"id":384870,"href":"https:\/\/staging.glassfilms.eu\/sv\/wp-json\/wp\/v2\/product\/366590\/revisions\/384870"}],"wp:featuredmedia":[{"embeddable":true,"href":"https:\/\/staging.glassfilms.eu\/sv\/wp-json\/wp\/v2\/media\/366660"}],"wp:attachment":[{"href":"https:\/\/staging.glassfilms.eu\/sv\/wp-json\/wp\/v2\/media?parent=366590"}],"wp:term":[{"taxonomy":"product_brand","embeddable":true,"href":"https:\/\/staging.glassfilms.eu\/sv\/wp-json\/wp\/v2\/product_brand?post=366590"},{"taxonomy":"product_cat","embeddable":true,"href":"https:\/\/staging.glassfilms.eu\/sv\/wp-json\/wp\/v2\/product_cat?post=366590"},{"taxonomy":"product_tag","embeddable":true,"href":"https:\/\/staging.glassfilms.eu\/sv\/wp-json\/wp\/v2\/product_tag?post=366590"}],"curies":[{"name":"wp","href":"https:\/\/api.w.org\/{rel}","templated":true}]}}