{"id":366591,"date":"2024-06-12T10:07:05","date_gmt":"2024-06-12T10:07:05","guid":{"rendered":"https:\/\/www.glassfilms.eu\/new\/?post_type=product&#038;p=366591"},"modified":"2024-11-15T15:59:01","modified_gmt":"2024-11-15T15:59:01","slug":"sxp-068uv-grass-green","status":"publish","type":"product","link":"https:\/\/staging.glassfilms.eu\/sv\/produkt\/glasfilmer\/coloured-window-film\/sxp-068uv-grass-gron\/","title":{"rendered":"SXP-068UV Gr\u00e4sgr\u00f6n"},"content":{"rendered":"","protected":false},"excerpt":{"rendered":"<p>Transparent, optiskt klar, f\u00e4rgad polyesterfilm med rept\u00e5lig, skyddande bel\u00e4ggning. Glansig yta. Skapad f\u00f6r h\u00f6gkvalitativ design av belyst eller f\u00e4rgat glas, f\u00f6nstergrafik och bakbelysta glasytor. Finns i 25 glansiga f\u00e4rger som kan \u00f6verlagras f\u00f6r att skapa en o\u00e4ndlig f\u00e4rgpalett. (F\u00e4rgerna p\u00e5 bilderna \u00e4r representativa. Best\u00e4ll prover f\u00f6r att se exakta f\u00e4rger).<\/p>","protected":false},"featured_media":366666,"template":"","meta":{"_acf_changed":false},"product_brand":[],"product_cat":[302,301],"product_tag":[],"class_list":{"0":"post-366591","1":"product","2":"type-product","3":"status-publish","4":"has-post-thumbnail","6":"product_cat-coloured-window-film","7":"product_cat-glass-films","8":"pa_brand-solyx","10":"first","11":"onbackorder","12":"taxable","13":"shipping-taxable","14":"purchasable","15":"product-type-variable","16":"has-default-attributes"},"acf":[],"_links":{"self":[{"href":"https:\/\/staging.glassfilms.eu\/sv\/wp-json\/wp\/v2\/product\/366591","targetHints":{"allow":["GET"]}}],"collection":[{"href":"https:\/\/staging.glassfilms.eu\/sv\/wp-json\/wp\/v2\/product"}],"about":[{"href":"https:\/\/staging.glassfilms.eu\/sv\/wp-json\/wp\/v2\/types\/product"}],"version-history":[{"count":1,"href":"https:\/\/staging.glassfilms.eu\/sv\/wp-json\/wp\/v2\/product\/366591\/revisions"}],"predecessor-version":[{"id":383555,"href":"https:\/\/staging.glassfilms.eu\/sv\/wp-json\/wp\/v2\/product\/366591\/revisions\/383555"}],"wp:featuredmedia":[{"embeddable":true,"href":"https:\/\/staging.glassfilms.eu\/sv\/wp-json\/wp\/v2\/media\/366666"}],"wp:attachment":[{"href":"https:\/\/staging.glassfilms.eu\/sv\/wp-json\/wp\/v2\/media?parent=366591"}],"wp:term":[{"taxonomy":"product_brand","embeddable":true,"href":"https:\/\/staging.glassfilms.eu\/sv\/wp-json\/wp\/v2\/product_brand?post=366591"},{"taxonomy":"product_cat","embeddable":true,"href":"https:\/\/staging.glassfilms.eu\/sv\/wp-json\/wp\/v2\/product_cat?post=366591"},{"taxonomy":"product_tag","embeddable":true,"href":"https:\/\/staging.glassfilms.eu\/sv\/wp-json\/wp\/v2\/product_tag?post=366591"}],"curies":[{"name":"wp","href":"https:\/\/api.w.org\/{rel}","templated":true}]}}