{"id":366600,"date":"2024-06-12T10:07:05","date_gmt":"2024-06-12T10:07:05","guid":{"rendered":"https:\/\/www.glassfilms.eu\/new\/?post_type=product&#038;p=366600"},"modified":"2024-11-21T13:59:30","modified_gmt":"2024-11-21T13:59:30","slug":"sx-1303-grey-frost","status":"publish","type":"product","link":"https:\/\/staging.glassfilms.eu\/sv\/produkt\/glasfilmer\/frosted-window-film\/simple-frost\/sx-1303-gra-frost-2\/","title":{"rendered":"SX-1303 Gr\u00e5 Frost"},"content":{"rendered":"","protected":false},"excerpt":{"rendered":"<p>SX-1303 Grey Frost \u00e4r en klar, genomskinlig, h\u00f6gkvalitativ pr\u00e4glad vinylfilm som efterliknar sandbl\u00e4strat glas. Idealisk f\u00f6r att skymma direkt sikt samtidigt som den till\u00e5ter utm\u00e4rkt ljusgenomsl\u00e4pp.<\/p>\n<p>Denna film rekommenderas f\u00f6r applicering p\u00e5 glas som vetter mot insidan och utsidan. Tillverkad av slitstark polymer PVC med en dekorativt pr\u00e4glad yta, perfekt f\u00f6r insynsskydd, dekorativa eller arkitektoniska till\u00e4mpningar. Tillverkad med en silikonliner som skyddar det klara, tryckk\u00e4nsliga h\u00e4ft\u00e4mnet och appliceras med samma verktyg och tekniker som f\u00f6nsterfilmer.<\/p>","protected":false},"featured_media":366721,"template":"","meta":{"_acf_changed":false},"product_brand":[],"product_cat":[305,301,23],"product_tag":[],"class_list":{"0":"post-366600","1":"product","2":"type-product","3":"status-publish","4":"has-post-thumbnail","6":"product_cat-frosted-window-film","7":"product_cat-glass-films","8":"product_cat-simple-frost","9":"pa_brand-solyx","11":"first","12":"onbackorder","13":"taxable","14":"shipping-taxable","15":"purchasable","16":"product-type-variable","17":"has-default-attributes"},"acf":[],"_links":{"self":[{"href":"https:\/\/staging.glassfilms.eu\/sv\/wp-json\/wp\/v2\/product\/366600","targetHints":{"allow":["GET"]}}],"collection":[{"href":"https:\/\/staging.glassfilms.eu\/sv\/wp-json\/wp\/v2\/product"}],"about":[{"href":"https:\/\/staging.glassfilms.eu\/sv\/wp-json\/wp\/v2\/types\/product"}],"version-history":[{"count":1,"href":"https:\/\/staging.glassfilms.eu\/sv\/wp-json\/wp\/v2\/product\/366600\/revisions"}],"predecessor-version":[{"id":384128,"href":"https:\/\/staging.glassfilms.eu\/sv\/wp-json\/wp\/v2\/product\/366600\/revisions\/384128"}],"wp:featuredmedia":[{"embeddable":true,"href":"https:\/\/staging.glassfilms.eu\/sv\/wp-json\/wp\/v2\/media\/366721"}],"wp:attachment":[{"href":"https:\/\/staging.glassfilms.eu\/sv\/wp-json\/wp\/v2\/media?parent=366600"}],"wp:term":[{"taxonomy":"product_brand","embeddable":true,"href":"https:\/\/staging.glassfilms.eu\/sv\/wp-json\/wp\/v2\/product_brand?post=366600"},{"taxonomy":"product_cat","embeddable":true,"href":"https:\/\/staging.glassfilms.eu\/sv\/wp-json\/wp\/v2\/product_cat?post=366600"},{"taxonomy":"product_tag","embeddable":true,"href":"https:\/\/staging.glassfilms.eu\/sv\/wp-json\/wp\/v2\/product_tag?post=366600"}],"curies":[{"name":"wp","href":"https:\/\/api.w.org\/{rel}","templated":true}]}}