{"id":366700,"date":"2024-06-12T10:07:27","date_gmt":"2024-06-12T10:07:27","guid":{"rendered":"https:\/\/www.glassfilms.eu\/new\/?post_type=product&#038;p=366700"},"modified":"2024-11-21T14:08:50","modified_gmt":"2024-11-21T14:08:50","slug":"sx-1409-white-matte-sand","status":"publish","type":"product","link":"https:\/\/staging.glassfilms.eu\/sv\/produkt\/glasfilmer\/frosted-window-film\/simple-frost\/sx-1409-white-matte-sand\/","title":{"rendered":"SX-1409 Vit matt sand"},"content":{"rendered":"","protected":false},"excerpt":{"rendered":"<p>SX-1409 Sand matt. Genomskinlig pr\u00e4glad vinylfilm. En utm\u00e4rkt film f\u00f6r insynsskydd som skymmer direkt insyn och till\u00e5ter utm\u00e4rkt ljusgenomsl\u00e4pp. Idealisk f\u00f6r badrumsf\u00f6nster.<\/p>","protected":false},"featured_media":366780,"template":"","meta":{"_acf_changed":false},"product_brand":[],"product_cat":[305,301,308,23],"product_tag":[],"class_list":{"0":"post-366700","1":"product","2":"type-product","3":"status-publish","4":"has-post-thumbnail","6":"product_cat-frosted-window-film","7":"product_cat-glass-films","8":"product_cat-light-diffusing-window-films","9":"product_cat-simple-frost","10":"pa_brand-solyx","12":"first","13":"onbackorder","14":"taxable","15":"shipping-taxable","16":"purchasable","17":"product-type-variable","18":"has-default-attributes"},"acf":[],"_links":{"self":[{"href":"https:\/\/staging.glassfilms.eu\/sv\/wp-json\/wp\/v2\/product\/366700","targetHints":{"allow":["GET"]}}],"collection":[{"href":"https:\/\/staging.glassfilms.eu\/sv\/wp-json\/wp\/v2\/product"}],"about":[{"href":"https:\/\/staging.glassfilms.eu\/sv\/wp-json\/wp\/v2\/types\/product"}],"version-history":[{"count":1,"href":"https:\/\/staging.glassfilms.eu\/sv\/wp-json\/wp\/v2\/product\/366700\/revisions"}],"predecessor-version":[{"id":384139,"href":"https:\/\/staging.glassfilms.eu\/sv\/wp-json\/wp\/v2\/product\/366700\/revisions\/384139"}],"wp:featuredmedia":[{"embeddable":true,"href":"https:\/\/staging.glassfilms.eu\/sv\/wp-json\/wp\/v2\/media\/366780"}],"wp:attachment":[{"href":"https:\/\/staging.glassfilms.eu\/sv\/wp-json\/wp\/v2\/media?parent=366700"}],"wp:term":[{"taxonomy":"product_brand","embeddable":true,"href":"https:\/\/staging.glassfilms.eu\/sv\/wp-json\/wp\/v2\/product_brand?post=366700"},{"taxonomy":"product_cat","embeddable":true,"href":"https:\/\/staging.glassfilms.eu\/sv\/wp-json\/wp\/v2\/product_cat?post=366700"},{"taxonomy":"product_tag","embeddable":true,"href":"https:\/\/staging.glassfilms.eu\/sv\/wp-json\/wp\/v2\/product_tag?post=366700"}],"curies":[{"name":"wp","href":"https:\/\/api.w.org\/{rel}","templated":true}]}}