{"id":366704,"date":"2024-06-12T10:07:27","date_gmt":"2024-06-12T10:07:27","guid":{"rendered":"https:\/\/www.glassfilms.eu\/new\/?post_type=product&#038;p=366704"},"modified":"2024-11-21T14:16:57","modified_gmt":"2024-11-21T14:16:57","slug":"sx-3140-dusted-crystal","status":"publish","type":"product","link":"https:\/\/staging.glassfilms.eu\/sv\/produkt\/glasfilmer\/frosted-window-film\/simple-frost\/sx-3140-dusted-crystal-2\/","title":{"rendered":"SX-3140 Dammig kristall"},"content":{"rendered":"","protected":false},"excerpt":{"rendered":"<p>Dusted Crystal Decorative Privacy glasfilmer rekommenderas f\u00f6r applicering p\u00e5 interi\u00f6rglas och exteri\u00f6rglas. Denna film \u00e4r en premium, 2-mil (50 mikron) gjuten vinyl med en etsad look. Den \u00e4r perfekt f\u00f6r integritets-, dekorativa eller arkitektoniska applikationer.   Anv\u00e4nd den n\u00e4rhelst du beh\u00f6ver den extra elegansen i ett etsat glasutseende utan kostsam etsning eller sandbl\u00e4string. Denna m\u00e5ngsidiga produkt har utformats f\u00f6r att ge enast\u00e5ende prestanda och h\u00e5llbarhet. En unik liner av syntetiskt silikon g\u00f6r det l\u00e4ttare \u00e4n med standardvinyl i etsat glas att se n\u00e4r man rensar ogr\u00e4s - \u00e4ven n\u00e4r man anv\u00e4nder grafik och bokst\u00e4ver med fina linjer. Ett speciellt limsystem s\u00e4kerst\u00e4ller \u00f6verl\u00e4gsen vidh\u00e4ftning under de mest kr\u00e4vande f\u00f6rh\u00e5llanden. Denna film appliceras med samma verktyg och tekniker som anv\u00e4nds f\u00f6r att applicera solskyddande f\u00f6nsterfilmer.<\/p>","protected":false},"featured_media":366816,"template":"","meta":{"_acf_changed":false},"product_brand":[],"product_cat":[305,301,308,23],"product_tag":[],"class_list":{"0":"post-366704","1":"product","2":"type-product","3":"status-publish","4":"has-post-thumbnail","6":"product_cat-frosted-window-film","7":"product_cat-glass-films","8":"product_cat-light-diffusing-window-films","9":"product_cat-simple-frost","10":"pa_brand-solyx","12":"first","13":"onbackorder","14":"taxable","15":"shipping-taxable","16":"purchasable","17":"product-type-variable","18":"has-default-attributes"},"acf":[],"_links":{"self":[{"href":"https:\/\/staging.glassfilms.eu\/sv\/wp-json\/wp\/v2\/product\/366704","targetHints":{"allow":["GET"]}}],"collection":[{"href":"https:\/\/staging.glassfilms.eu\/sv\/wp-json\/wp\/v2\/product"}],"about":[{"href":"https:\/\/staging.glassfilms.eu\/sv\/wp-json\/wp\/v2\/types\/product"}],"version-history":[{"count":1,"href":"https:\/\/staging.glassfilms.eu\/sv\/wp-json\/wp\/v2\/product\/366704\/revisions"}],"predecessor-version":[{"id":384249,"href":"https:\/\/staging.glassfilms.eu\/sv\/wp-json\/wp\/v2\/product\/366704\/revisions\/384249"}],"wp:featuredmedia":[{"embeddable":true,"href":"https:\/\/staging.glassfilms.eu\/sv\/wp-json\/wp\/v2\/media\/366816"}],"wp:attachment":[{"href":"https:\/\/staging.glassfilms.eu\/sv\/wp-json\/wp\/v2\/media?parent=366704"}],"wp:term":[{"taxonomy":"product_brand","embeddable":true,"href":"https:\/\/staging.glassfilms.eu\/sv\/wp-json\/wp\/v2\/product_brand?post=366704"},{"taxonomy":"product_cat","embeddable":true,"href":"https:\/\/staging.glassfilms.eu\/sv\/wp-json\/wp\/v2\/product_cat?post=366704"},{"taxonomy":"product_tag","embeddable":true,"href":"https:\/\/staging.glassfilms.eu\/sv\/wp-json\/wp\/v2\/product_tag?post=366704"}],"curies":[{"name":"wp","href":"https:\/\/api.w.org\/{rel}","templated":true}]}}