{"id":366809,"date":"2024-06-12T10:07:50","date_gmt":"2024-06-12T10:07:50","guid":{"rendered":"https:\/\/www.glassfilms.eu\/new\/?post_type=product&#038;p=366809"},"modified":"2024-11-22T16:24:38","modified_gmt":"2024-11-22T16:24:38","slug":"sxj-0545-beach-grass-gradient","status":"publish","type":"product","link":"https:\/\/staging.glassfilms.eu\/sv\/produkt\/glasfilmer\/gradient-window-film\/71-high-gradient-films\/sxj-0545-beach-grass-gradient-2\/","title":{"rendered":"SXJ-0545 Strandgr\u00e4s Gradient"},"content":{"rendered":"","protected":false},"excerpt":{"rendered":"<p>SXJ-0545 Strandgr\u00e4s - gradient. En vacker gradient av strandgr\u00e4s omgivet av dimma, som tonar ut fr\u00e5n helvitt till klart. Perfekt f\u00f6r graderad integritet. 71\u2033 h\u00f6g. Designen kan f\u00f6rl\u00e4ngas l\u00e4ngst ner p\u00e5 denna film genom att anv\u00e4nda <a href=\"https:\/\/staging.glassfilms.eu\/sv\/produkt\/solyx-decorative-films\/gradient-window-film\/60-high-gradient-films\/sxj-0567-solid-white-2\/\">SXJ-0567 Solid vit<\/a>.<\/p>","protected":false},"featured_media":366980,"template":"","meta":{"_acf_changed":false},"product_brand":[],"product_cat":[312,310],"product_tag":[],"class_list":{"0":"post-366809","1":"product","2":"type-product","3":"status-publish","4":"has-post-thumbnail","6":"product_cat-71-high-gradient-films","7":"product_cat-gradient-window-film","8":"pa_brand-solyx","10":"first","11":"onbackorder","12":"taxable","13":"shipping-taxable","14":"purchasable","15":"product-type-variable","16":"has-default-attributes"},"acf":[],"_links":{"self":[{"href":"https:\/\/staging.glassfilms.eu\/sv\/wp-json\/wp\/v2\/product\/366809","targetHints":{"allow":["GET"]}}],"collection":[{"href":"https:\/\/staging.glassfilms.eu\/sv\/wp-json\/wp\/v2\/product"}],"about":[{"href":"https:\/\/staging.glassfilms.eu\/sv\/wp-json\/wp\/v2\/types\/product"}],"version-history":[{"count":1,"href":"https:\/\/staging.glassfilms.eu\/sv\/wp-json\/wp\/v2\/product\/366809\/revisions"}],"predecessor-version":[{"id":380361,"href":"https:\/\/staging.glassfilms.eu\/sv\/wp-json\/wp\/v2\/product\/366809\/revisions\/380361"}],"wp:featuredmedia":[{"embeddable":true,"href":"https:\/\/staging.glassfilms.eu\/sv\/wp-json\/wp\/v2\/media\/366980"}],"wp:attachment":[{"href":"https:\/\/staging.glassfilms.eu\/sv\/wp-json\/wp\/v2\/media?parent=366809"}],"wp:term":[{"taxonomy":"product_brand","embeddable":true,"href":"https:\/\/staging.glassfilms.eu\/sv\/wp-json\/wp\/v2\/product_brand?post=366809"},{"taxonomy":"product_cat","embeddable":true,"href":"https:\/\/staging.glassfilms.eu\/sv\/wp-json\/wp\/v2\/product_cat?post=366809"},{"taxonomy":"product_tag","embeddable":true,"href":"https:\/\/staging.glassfilms.eu\/sv\/wp-json\/wp\/v2\/product_tag?post=366809"}],"curies":[{"name":"wp","href":"https:\/\/api.w.org\/{rel}","templated":true}]}}