{"id":366910,"date":"2024-06-12T10:08:40","date_gmt":"2024-06-12T10:08:40","guid":{"rendered":"https:\/\/www.glassfilms.eu\/new\/?post_type=product&#038;p=366910"},"modified":"2024-12-06T11:58:04","modified_gmt":"2024-12-06T11:58:04","slug":"sx-1255-1-reeded-glass-seamless","status":"publish","type":"product","link":"https:\/\/staging.glassfilms.eu\/sv\/produkt\/glasfilmer\/patterned-window-film\/striped-window-film\/sx-1255-1-reeded-glass\/","title":{"rendered":"SX-1255 1\u2033 Reeded Glass Seamless"},"content":{"rendered":"","protected":false},"excerpt":{"rendered":"<p>SX-1255 Reeded Glass sj\u00e4lvh\u00e4ftande film simulerar riktigt vasst glas. Banden \u00e4r 1 \u2033 breda och det vassade bandets riktning g\u00e5r ner l\u00e4ngs rullens l\u00e4ngd. H\u00f6jden p\u00e5 det vassade bandet best\u00e4ms av l\u00e4ngden p\u00e5 det best\u00e4llda materialet.<\/p>\n<p><strong>INGEN LINJE ELLER S\u00d6M MED M\u00d6NSTERREPETITION. DEN ENDA BRANDKLASSADE GLASFILMEN SOM UPPFYLLER UK BSI-STANDARDER.\u00a0<\/strong><\/p>\n<p>Utformad f\u00f6r applicering p\u00e5 interi\u00f6rglas, enkel- eller dubbelglas och glas som vetter mot utsidan. Den totala nominella tjockleken \u00e4r 2,5 mil. <strong>Denna film har en klar silikonfolie som m\u00e5ste avl\u00e4gsnas f\u00f6re installation.<\/strong>\u00a0Denna film appliceras med samma verktyg och tekniker som f\u00f6nsterfilmer.<\/p>\n<p><span style=\"color: #ff6600;\"><strong>ORIGINALPRODUKT, H\u00d6GKVALITATIVT LIM, 5 \u00c5RS GARANTI<\/strong><\/span><\/p>","protected":false},"featured_media":368189,"template":"","meta":{"_acf_changed":false},"product_brand":[],"product_cat":[301,306,377,378,307,303],"product_tag":[702,703],"class_list":{"0":"post-366910","1":"product","2":"type-product","3":"status-publish","4":"has-post-thumbnail","6":"product_cat-glass-films","7":"product_cat-patterned-window-film","8":"product_cat-retro-window-films","9":"product_cat-simulated-glass-films","10":"product_cat-striped-window-film","11":"product_cat-textured-window-film","12":"product_tag-fluted","13":"product_tag-reeded","14":"pa_brand-simglas","16":"first","17":"instock","18":"taxable","19":"shipping-taxable","20":"purchasable","21":"product-type-variable","22":"has-default-attributes"},"acf":[],"_links":{"self":[{"href":"https:\/\/staging.glassfilms.eu\/sv\/wp-json\/wp\/v2\/product\/366910","targetHints":{"allow":["GET"]}}],"collection":[{"href":"https:\/\/staging.glassfilms.eu\/sv\/wp-json\/wp\/v2\/product"}],"about":[{"href":"https:\/\/staging.glassfilms.eu\/sv\/wp-json\/wp\/v2\/types\/product"}],"version-history":[{"count":1,"href":"https:\/\/staging.glassfilms.eu\/sv\/wp-json\/wp\/v2\/product\/366910\/revisions"}],"predecessor-version":[{"id":383949,"href":"https:\/\/staging.glassfilms.eu\/sv\/wp-json\/wp\/v2\/product\/366910\/revisions\/383949"}],"wp:featuredmedia":[{"embeddable":true,"href":"https:\/\/staging.glassfilms.eu\/sv\/wp-json\/wp\/v2\/media\/368189"}],"wp:attachment":[{"href":"https:\/\/staging.glassfilms.eu\/sv\/wp-json\/wp\/v2\/media?parent=366910"}],"wp:term":[{"taxonomy":"product_brand","embeddable":true,"href":"https:\/\/staging.glassfilms.eu\/sv\/wp-json\/wp\/v2\/product_brand?post=366910"},{"taxonomy":"product_cat","embeddable":true,"href":"https:\/\/staging.glassfilms.eu\/sv\/wp-json\/wp\/v2\/product_cat?post=366910"},{"taxonomy":"product_tag","embeddable":true,"href":"https:\/\/staging.glassfilms.eu\/sv\/wp-json\/wp\/v2\/product_tag?post=366910"}],"curies":[{"name":"wp","href":"https:\/\/api.w.org\/{rel}","templated":true}]}}