{"id":366921,"date":"2024-06-12T10:08:40","date_gmt":"2024-06-12T10:08:40","guid":{"rendered":"https:\/\/www.glassfilms.eu\/new\/?post_type=product&#038;p=366921"},"modified":"2024-09-16T15:11:02","modified_gmt":"2024-09-16T15:11:02","slug":"sx-bsfv-bird-safety-film-vertical","status":"publish","type":"product","link":"https:\/\/staging.glassfilms.eu\/sv\/produkt\/glasfilmer\/speciality-window-films\/bird-safety-window-film\/sx-bsfv-bird-safety-film-vertical\/","title":{"rendered":"SX-BSFV F\u00e5gels\u00e4kerhetsfilm - vertikal"},"content":{"rendered":"","protected":false},"excerpt":{"rendered":"<p>SX-BSFV Vertical Pattern Bird Safety-film \u00e4r utformad f\u00f6r att avskr\u00e4cka f\u00e5glar fr\u00e5n att flyga in i reflekterande glas, vilket leder till skador eller d\u00f6dsfall och orsakar potentiella skador p\u00e5 egendom. V\u00e5r Bird Deterrent-film \u00e4r det b\u00e4sta s\u00e4ttet att hindra f\u00e5glar fr\u00e5n att flyga in i f\u00f6nster en g\u00e5ng f\u00f6r alla. F\u00e5gelkollisioner \u00e4r idag ett vanligt problem i bost\u00e4der och v\u00e5ra Bird Strike-filmer har visat sig hj\u00e4lpa till att hindra f\u00e5glar fr\u00e5n att tr\u00e4ffa f\u00f6nster. Skapa f\u00e5gels\u00e4kra f\u00f6nster med v\u00e5r SX-BSFV Bird Strike Safety Film.<\/p>\n<p>&nbsp;<\/p>","protected":false},"featured_media":367090,"template":"","meta":{"_acf_changed":false},"product_brand":[],"product_cat":[503,379],"product_tag":[],"class_list":{"0":"post-366921","1":"product","2":"type-product","3":"status-publish","4":"has-post-thumbnail","6":"product_cat-bird-safety-window-film","7":"product_cat-speciality-window-films","8":"pa_brand-solyx","10":"first","11":"onbackorder","12":"taxable","13":"shipping-taxable","14":"purchasable","15":"product-type-variable","16":"has-default-attributes"},"acf":[],"_links":{"self":[{"href":"https:\/\/staging.glassfilms.eu\/sv\/wp-json\/wp\/v2\/product\/366921","targetHints":{"allow":["GET"]}}],"collection":[{"href":"https:\/\/staging.glassfilms.eu\/sv\/wp-json\/wp\/v2\/product"}],"about":[{"href":"https:\/\/staging.glassfilms.eu\/sv\/wp-json\/wp\/v2\/types\/product"}],"version-history":[{"count":1,"href":"https:\/\/staging.glassfilms.eu\/sv\/wp-json\/wp\/v2\/product\/366921\/revisions"}],"predecessor-version":[{"id":380308,"href":"https:\/\/staging.glassfilms.eu\/sv\/wp-json\/wp\/v2\/product\/366921\/revisions\/380308"}],"wp:featuredmedia":[{"embeddable":true,"href":"https:\/\/staging.glassfilms.eu\/sv\/wp-json\/wp\/v2\/media\/367090"}],"wp:attachment":[{"href":"https:\/\/staging.glassfilms.eu\/sv\/wp-json\/wp\/v2\/media?parent=366921"}],"wp:term":[{"taxonomy":"product_brand","embeddable":true,"href":"https:\/\/staging.glassfilms.eu\/sv\/wp-json\/wp\/v2\/product_brand?post=366921"},{"taxonomy":"product_cat","embeddable":true,"href":"https:\/\/staging.glassfilms.eu\/sv\/wp-json\/wp\/v2\/product_cat?post=366921"},{"taxonomy":"product_tag","embeddable":true,"href":"https:\/\/staging.glassfilms.eu\/sv\/wp-json\/wp\/v2\/product_tag?post=366921"}],"curies":[{"name":"wp","href":"https:\/\/api.w.org\/{rel}","templated":true}]}}