{"id":367012,"date":"2024-06-12T10:09:02","date_gmt":"2024-06-12T10:09:02","guid":{"rendered":"https:\/\/www.glassfilms.eu\/new\/?post_type=product&#038;p=367012"},"modified":"2024-11-26T13:55:47","modified_gmt":"2024-11-26T13:55:47","slug":"sxc-3511-frosted-stripe","status":"publish","type":"product","link":"https:\/\/staging.glassfilms.eu\/sv\/produkt\/glasfilmer\/patterned-window-film\/striped-window-film\/sxc-3511-frosted-stripe\/","title":{"rendered":"SXC-3511 Frosted Stripe"},"content":{"rendered":"","protected":false},"excerpt":{"rendered":"<div class=\"page\" title=\"Sidan 1\">\n<div class=\"section\">\n<div class=\"layoutArea\">\n<div class=\"column\">\n<p>SXC-3511 Frostat band. 3\/8\" frostat band med ett fritt utrymme p\u00e5 5\/32\". R\u00e4ndernas riktning \u00e4r l\u00e4ngden p\u00e5 rullen. Rekommenderas f\u00f6r applicering p\u00e5 interi\u00f6r- och exteri\u00f6rglas (insida). Tillverkad av h\u00e5llbar, optiskt klar PET-film med tryckt m\u00f6nster. Total nominell tjocklek \u00e4r 2,5 mil. Levereras med en silikonliner som skyddar det klara, tryckk\u00e4nsliga h\u00e4ft\u00e4mnet och monteras med samma verktyg och tekniker som f\u00f6nsterfilmer.<\/p>\n<\/div>\n<\/div>\n<\/div>\n<\/div>","protected":false},"featured_media":367152,"template":"","meta":{"_acf_changed":false},"product_brand":[],"product_cat":[306,307],"product_tag":[],"class_list":{"0":"post-367012","1":"product","2":"type-product","3":"status-publish","4":"has-post-thumbnail","6":"product_cat-patterned-window-film","7":"product_cat-striped-window-film","8":"pa_brand-solyx","10":"first","11":"onbackorder","12":"taxable","13":"shipping-taxable","14":"purchasable","15":"product-type-variable","16":"has-default-attributes"},"acf":[],"_links":{"self":[{"href":"https:\/\/staging.glassfilms.eu\/sv\/wp-json\/wp\/v2\/product\/367012","targetHints":{"allow":["GET"]}}],"collection":[{"href":"https:\/\/staging.glassfilms.eu\/sv\/wp-json\/wp\/v2\/product"}],"about":[{"href":"https:\/\/staging.glassfilms.eu\/sv\/wp-json\/wp\/v2\/types\/product"}],"version-history":[{"count":1,"href":"https:\/\/staging.glassfilms.eu\/sv\/wp-json\/wp\/v2\/product\/367012\/revisions"}],"predecessor-version":[{"id":380313,"href":"https:\/\/staging.glassfilms.eu\/sv\/wp-json\/wp\/v2\/product\/367012\/revisions\/380313"}],"wp:featuredmedia":[{"embeddable":true,"href":"https:\/\/staging.glassfilms.eu\/sv\/wp-json\/wp\/v2\/media\/367152"}],"wp:attachment":[{"href":"https:\/\/staging.glassfilms.eu\/sv\/wp-json\/wp\/v2\/media?parent=367012"}],"wp:term":[{"taxonomy":"product_brand","embeddable":true,"href":"https:\/\/staging.glassfilms.eu\/sv\/wp-json\/wp\/v2\/product_brand?post=367012"},{"taxonomy":"product_cat","embeddable":true,"href":"https:\/\/staging.glassfilms.eu\/sv\/wp-json\/wp\/v2\/product_cat?post=367012"},{"taxonomy":"product_tag","embeddable":true,"href":"https:\/\/staging.glassfilms.eu\/sv\/wp-json\/wp\/v2\/product_tag?post=367012"}],"curies":[{"name":"wp","href":"https:\/\/api.w.org\/{rel}","templated":true}]}}