{"id":367225,"date":"2024-06-12T10:09:49","date_gmt":"2024-06-12T10:09:49","guid":{"rendered":"https:\/\/www.glassfilms.eu\/new\/?post_type=product&#038;p=367225"},"modified":"2024-11-21T13:22:56","modified_gmt":"2024-11-21T13:22:56","slug":"sx-1710-fresnel-squares","status":"publish","type":"product","link":"https:\/\/staging.glassfilms.eu\/sv\/produkt\/glasfilmer\/patterned-window-film\/square-pattern-window-films\/sx-1710-fresnel-squares\/","title":{"rendered":"SX-1710 Fresnel-rutor"},"content":{"rendered":"","protected":false},"excerpt":{"rendered":"<p>SX-1710 Fresnel Squares \u00e4r en klar, genomskinlig\/transparent, pr\u00e4glad film av h\u00f6g kvalitet. Denna produkt \u00e4r idealisk f\u00f6r att skymma direkt sikt samtidigt som den ger utm\u00e4rkt ljusgenomsl\u00e4pp.<\/p>\n<p>Denna dekorativa glasfilm rekommenderas f\u00f6r applicering p\u00e5 interi\u00f6rglas. Filmen \u00e4r tillverkad av slitstark polypropenvinyl med en dekorativ pr\u00e4glad yta. Den \u00e4r perfekt f\u00f6r integritetsskydd, dekorativa eller arkitektoniska till\u00e4mpningar. Installeras med samma metoder som anv\u00e4nds f\u00f6r installation av vanliga f\u00f6nsterfilmer.<\/p>","protected":false},"featured_media":367250,"template":"","meta":{"_acf_changed":false},"product_brand":[],"product_cat":[301,306,377,380],"product_tag":[],"class_list":{"0":"post-367225","1":"product","2":"type-product","3":"status-publish","4":"has-post-thumbnail","6":"product_cat-glass-films","7":"product_cat-patterned-window-film","8":"product_cat-retro-window-films","9":"product_cat-square-pattern-window-films","10":"pa_brand-solyx","12":"first","13":"onbackorder","14":"taxable","15":"shipping-taxable","16":"purchasable","17":"product-type-variable","18":"has-default-attributes"},"acf":[],"_links":{"self":[{"href":"https:\/\/staging.glassfilms.eu\/sv\/wp-json\/wp\/v2\/product\/367225","targetHints":{"allow":["GET"]}}],"collection":[{"href":"https:\/\/staging.glassfilms.eu\/sv\/wp-json\/wp\/v2\/product"}],"about":[{"href":"https:\/\/staging.glassfilms.eu\/sv\/wp-json\/wp\/v2\/types\/product"}],"version-history":[{"count":1,"href":"https:\/\/staging.glassfilms.eu\/sv\/wp-json\/wp\/v2\/product\/367225\/revisions"}],"predecessor-version":[{"id":384167,"href":"https:\/\/staging.glassfilms.eu\/sv\/wp-json\/wp\/v2\/product\/367225\/revisions\/384167"}],"wp:featuredmedia":[{"embeddable":true,"href":"https:\/\/staging.glassfilms.eu\/sv\/wp-json\/wp\/v2\/media\/367250"}],"wp:attachment":[{"href":"https:\/\/staging.glassfilms.eu\/sv\/wp-json\/wp\/v2\/media?parent=367225"}],"wp:term":[{"taxonomy":"product_brand","embeddable":true,"href":"https:\/\/staging.glassfilms.eu\/sv\/wp-json\/wp\/v2\/product_brand?post=367225"},{"taxonomy":"product_cat","embeddable":true,"href":"https:\/\/staging.glassfilms.eu\/sv\/wp-json\/wp\/v2\/product_cat?post=367225"},{"taxonomy":"product_tag","embeddable":true,"href":"https:\/\/staging.glassfilms.eu\/sv\/wp-json\/wp\/v2\/product_tag?post=367225"}],"curies":[{"name":"wp","href":"https:\/\/api.w.org\/{rel}","templated":true}]}}