{"id":367254,"date":"2024-06-12T10:10:03","date_gmt":"2024-06-12T10:10:03","guid":{"rendered":"https:\/\/www.glassfilms.eu\/new\/?post_type=product&#038;p=367254"},"modified":"2024-11-26T14:19:41","modified_gmt":"2024-11-26T14:19:41","slug":"sx-1720-spheres","status":"publish","type":"product","link":"https:\/\/staging.glassfilms.eu\/sv\/produkt\/glasfilmer\/patterned-window-film\/dotted-window-films\/sx-1720-sfarer-2\/","title":{"rendered":"SX-1720 Sf\u00e4rer"},"content":{"rendered":"","protected":false},"excerpt":{"rendered":"<p>SX-1720 Spheres \u00e4r en klar, genomskinlig\/transparent, pr\u00e4glad film av h\u00f6g kvalitet. Denna produkt \u00e4r idealisk f\u00f6r att delvis skymma direkt sikt samtidigt som den ger utm\u00e4rkt ljusgenomsl\u00e4pp.<\/p>\n<p>Denna dekorativa glasfilm rekommenderas f\u00f6r applicering p\u00e5 interi\u00f6rglas. Filmen \u00e4r tillverkad av slitstark polypropenvinyl med en dekorativ pr\u00e4glad yta. Den \u00e4r perfekt f\u00f6r semi-privacy, dekorativa eller arkitektoniska applikationer. Installeras med samma metoder som anv\u00e4nds f\u00f6r att installera vanliga f\u00f6nsterfilmer.<\/p>","protected":false},"featured_media":367283,"template":"","meta":{"_acf_changed":false},"product_brand":[],"product_cat":[502,305,301,306],"product_tag":[],"class_list":{"0":"post-367254","1":"product","2":"type-product","3":"status-publish","4":"has-post-thumbnail","6":"product_cat-dotted-window-films","7":"product_cat-frosted-window-film","8":"product_cat-glass-films","9":"product_cat-patterned-window-film","10":"pa_brand-solyx","12":"first","13":"onbackorder","14":"taxable","15":"shipping-taxable","16":"purchasable","17":"product-type-variable","18":"has-default-attributes"},"acf":[],"_links":{"self":[{"href":"https:\/\/staging.glassfilms.eu\/sv\/wp-json\/wp\/v2\/product\/367254","targetHints":{"allow":["GET"]}}],"collection":[{"href":"https:\/\/staging.glassfilms.eu\/sv\/wp-json\/wp\/v2\/product"}],"about":[{"href":"https:\/\/staging.glassfilms.eu\/sv\/wp-json\/wp\/v2\/types\/product"}],"version-history":[{"count":1,"href":"https:\/\/staging.glassfilms.eu\/sv\/wp-json\/wp\/v2\/product\/367254\/revisions"}],"predecessor-version":[{"id":384172,"href":"https:\/\/staging.glassfilms.eu\/sv\/wp-json\/wp\/v2\/product\/367254\/revisions\/384172"}],"wp:featuredmedia":[{"embeddable":true,"href":"https:\/\/staging.glassfilms.eu\/sv\/wp-json\/wp\/v2\/media\/367283"}],"wp:attachment":[{"href":"https:\/\/staging.glassfilms.eu\/sv\/wp-json\/wp\/v2\/media?parent=367254"}],"wp:term":[{"taxonomy":"product_brand","embeddable":true,"href":"https:\/\/staging.glassfilms.eu\/sv\/wp-json\/wp\/v2\/product_brand?post=367254"},{"taxonomy":"product_cat","embeddable":true,"href":"https:\/\/staging.glassfilms.eu\/sv\/wp-json\/wp\/v2\/product_cat?post=367254"},{"taxonomy":"product_tag","embeddable":true,"href":"https:\/\/staging.glassfilms.eu\/sv\/wp-json\/wp\/v2\/product_tag?post=367254"}],"curies":[{"name":"wp","href":"https:\/\/api.w.org\/{rel}","templated":true}]}}