{"id":367263,"date":"2024-06-12T10:10:03","date_gmt":"2024-06-12T10:10:03","guid":{"rendered":"https:\/\/www.glassfilms.eu\/new\/?post_type=product&#038;p=367263"},"modified":"2024-11-21T16:27:28","modified_gmt":"2024-11-21T16:27:28","slug":"sx-3008-mini-bars","status":"publish","type":"product","link":"https:\/\/staging.glassfilms.eu\/sv\/produkt\/glasfilmer\/patterned-window-film\/striped-window-film\/sx-3008-mini-bars-2\/","title":{"rendered":"SX-3008 Minibar"},"content":{"rendered":"","protected":false},"excerpt":{"rendered":"<p>SX-3008 Mini Bars \u00e4r en frostad genomskinlig, h\u00f6gkvalitativ pr\u00e4glad vinylfilm som simulerar sm\u00e5 vertikala minigardiner. Denna produkt \u00e4r idealisk f\u00f6r att d\u00f6lja direkt synlighet samtidigt som den till\u00e5ter utm\u00e4rkt ljus\u00f6verf\u00f6ring.<\/p>","protected":false},"featured_media":367303,"template":"","meta":{"_acf_changed":false},"product_brand":[],"product_cat":[305,301,659,306,307],"product_tag":[],"class_list":{"0":"post-367263","1":"product","2":"type-product","3":"status-publish","4":"has-post-thumbnail","6":"product_cat-frosted-window-film","7":"product_cat-glass-films","8":"product_cat-patterned-frost-window-films","9":"product_cat-patterned-window-film","10":"product_cat-striped-window-film","11":"pa_brand-solyx","13":"first","14":"onbackorder","15":"taxable","16":"shipping-taxable","17":"purchasable","18":"product-type-variable","19":"has-default-attributes"},"acf":[],"_links":{"self":[{"href":"https:\/\/staging.glassfilms.eu\/sv\/wp-json\/wp\/v2\/product\/367263","targetHints":{"allow":["GET"]}}],"collection":[{"href":"https:\/\/staging.glassfilms.eu\/sv\/wp-json\/wp\/v2\/product"}],"about":[{"href":"https:\/\/staging.glassfilms.eu\/sv\/wp-json\/wp\/v2\/types\/product"}],"version-history":[{"count":1,"href":"https:\/\/staging.glassfilms.eu\/sv\/wp-json\/wp\/v2\/product\/367263\/revisions"}],"predecessor-version":[{"id":384207,"href":"https:\/\/staging.glassfilms.eu\/sv\/wp-json\/wp\/v2\/product\/367263\/revisions\/384207"}],"wp:featuredmedia":[{"embeddable":true,"href":"https:\/\/staging.glassfilms.eu\/sv\/wp-json\/wp\/v2\/media\/367303"}],"wp:attachment":[{"href":"https:\/\/staging.glassfilms.eu\/sv\/wp-json\/wp\/v2\/media?parent=367263"}],"wp:term":[{"taxonomy":"product_brand","embeddable":true,"href":"https:\/\/staging.glassfilms.eu\/sv\/wp-json\/wp\/v2\/product_brand?post=367263"},{"taxonomy":"product_cat","embeddable":true,"href":"https:\/\/staging.glassfilms.eu\/sv\/wp-json\/wp\/v2\/product_cat?post=367263"},{"taxonomy":"product_tag","embeddable":true,"href":"https:\/\/staging.glassfilms.eu\/sv\/wp-json\/wp\/v2\/product_tag?post=367263"}],"curies":[{"name":"wp","href":"https:\/\/api.w.org\/{rel}","templated":true}]}}