{"id":367265,"date":"2024-06-12T10:10:03","date_gmt":"2024-06-12T10:10:03","guid":{"rendered":"https:\/\/www.glassfilms.eu\/new\/?post_type=product&#038;p=367265"},"modified":"2024-11-21T16:03:26","modified_gmt":"2024-11-21T16:03:26","slug":"sx-3130-white-70-diffuser","status":"publish","type":"product","link":"https:\/\/staging.glassfilms.eu\/sv\/produkt\/glasfilmer\/frosted-window-film\/sx-3130-white-70-diffuser\/","title":{"rendered":"SX-3130 Vit 70 Diffusor"},"content":{"rendered":"","protected":false},"excerpt":{"rendered":"<p>SX-3130 White 70 Diffuser A H\u00e5llbar, formstabil, gjuten, genomskinlig vinylfilm. Den genomskinliga vita ytan ger ett enhetligt utseende som vitt etsat glas.<\/p>\n<p>Denna film \u00e4r en premium, 2-mil (50 mikron) gjuten vinyl med en etsad yta. Den \u00e4r perfekt f\u00f6r integritetsskydd, dekorativa eller arkitektoniska till\u00e4mpningar. Anv\u00e4nd den n\u00e4r du beh\u00f6ver en elegant etsad glasyta utan kostsam etsning eller sandbl\u00e4string. Denna m\u00e5ngsidiga produkt har utformats f\u00f6r att leverera enast\u00e5ende prestanda och h\u00e5llbarhet. En unik liner av syntetiskt silikon g\u00f6r det l\u00e4ttare \u00e4n med standardvinyl i etsat glas att se n\u00e4r man rensar ogr\u00e4s - \u00e4ven n\u00e4r man anv\u00e4nder grafik och bokst\u00e4ver med fina linjer. Ett speciellt limsystem s\u00e4kerst\u00e4ller \u00f6verl\u00e4gsen vidh\u00e4ftning under de mest kr\u00e4vande f\u00f6rh\u00e5llanden. Denna film appliceras med samma verktyg och tekniker som anv\u00e4nds f\u00f6r att applicera f\u00f6nsterfilmer.<\/p>","protected":false},"featured_media":367306,"template":"","meta":{"_acf_changed":false},"product_brand":[],"product_cat":[305,301,308],"product_tag":[],"class_list":{"0":"post-367265","1":"product","2":"type-product","3":"status-publish","4":"has-post-thumbnail","6":"product_cat-frosted-window-film","7":"product_cat-glass-films","8":"product_cat-light-diffusing-window-films","9":"pa_brand-solyx","11":"first","12":"onbackorder","13":"taxable","14":"shipping-taxable","15":"purchasable","16":"product-type-variable","17":"has-default-attributes"},"acf":[],"_links":{"self":[{"href":"https:\/\/staging.glassfilms.eu\/sv\/wp-json\/wp\/v2\/product\/367265","targetHints":{"allow":["GET"]}}],"collection":[{"href":"https:\/\/staging.glassfilms.eu\/sv\/wp-json\/wp\/v2\/product"}],"about":[{"href":"https:\/\/staging.glassfilms.eu\/sv\/wp-json\/wp\/v2\/types\/product"}],"version-history":[{"count":1,"href":"https:\/\/staging.glassfilms.eu\/sv\/wp-json\/wp\/v2\/product\/367265\/revisions"}],"predecessor-version":[{"id":384237,"href":"https:\/\/staging.glassfilms.eu\/sv\/wp-json\/wp\/v2\/product\/367265\/revisions\/384237"}],"wp:featuredmedia":[{"embeddable":true,"href":"https:\/\/staging.glassfilms.eu\/sv\/wp-json\/wp\/v2\/media\/367306"}],"wp:attachment":[{"href":"https:\/\/staging.glassfilms.eu\/sv\/wp-json\/wp\/v2\/media?parent=367265"}],"wp:term":[{"taxonomy":"product_brand","embeddable":true,"href":"https:\/\/staging.glassfilms.eu\/sv\/wp-json\/wp\/v2\/product_brand?post=367265"},{"taxonomy":"product_cat","embeddable":true,"href":"https:\/\/staging.glassfilms.eu\/sv\/wp-json\/wp\/v2\/product_cat?post=367265"},{"taxonomy":"product_tag","embeddable":true,"href":"https:\/\/staging.glassfilms.eu\/sv\/wp-json\/wp\/v2\/product_tag?post=367265"}],"curies":[{"name":"wp","href":"https:\/\/api.w.org\/{rel}","templated":true}]}}