{"id":367271,"date":"2024-06-12T10:10:04","date_gmt":"2024-06-12T10:10:04","guid":{"rendered":"https:\/\/www.glassfilms.eu\/new\/?post_type=product&#038;p=367271"},"modified":"2024-11-21T16:33:40","modified_gmt":"2024-11-21T16:33:40","slug":"sx-3148-gotham","status":"publish","type":"product","link":"https:\/\/staging.glassfilms.eu\/sv\/produkt\/glasfilmer\/patterned-window-film\/striped-window-film\/sx-3148-gotham\/","title":{"rendered":"SX-3148 Gotham"},"content":{"rendered":"","protected":false},"excerpt":{"rendered":"<p>SX-3148 Gotham. Ett modernt m\u00f6nster av korta, fragmenterade, vita streck med en matt finish. (Ett derivat av v\u00e5r <a href=\"https:\/\/staging.glassfilms.eu\/sv\/produkt\/decorative-glass-films\/sxhe-1034-ice-forest\/\">SXHE-1034 Isskogen<\/a>) Utm\u00e4rkt distraktionsfilm.<\/p>\n<p>Denna film rekommenderas f\u00f6r applicering p\u00e5 interi\u00f6r- och exteri\u00f6rglas (insidan). Tillverkad av h\u00e5llbar, optiskt klar PET-film med ett tryckt m\u00f6nster. Total nominell tjocklek \u00e4r 2,5 mil. Levereras med en silikonliner som skyddar det klara, tryckk\u00e4nsliga h\u00e4ft\u00e4mnet och appliceras med samma verktyg och tekniker som f\u00f6nsterfilmer.<\/p>","protected":false},"featured_media":367328,"template":"","meta":{"_acf_changed":false},"product_brand":[],"product_cat":[305,301,499,659,306,307],"product_tag":[],"class_list":{"0":"post-367271","1":"product","2":"type-product","3":"status-publish","4":"has-post-thumbnail","6":"product_cat-frosted-window-film","7":"product_cat-glass-films","8":"product_cat-natural-patterned-window-film","9":"product_cat-patterned-frost-window-films","10":"product_cat-patterned-window-film","11":"product_cat-striped-window-film","12":"pa_brand-solyx","14":"first","15":"onbackorder","16":"taxable","17":"shipping-taxable","18":"purchasable","19":"product-type-variable","20":"has-default-attributes"},"acf":[],"_links":{"self":[{"href":"https:\/\/staging.glassfilms.eu\/sv\/wp-json\/wp\/v2\/product\/367271","targetHints":{"allow":["GET"]}}],"collection":[{"href":"https:\/\/staging.glassfilms.eu\/sv\/wp-json\/wp\/v2\/product"}],"about":[{"href":"https:\/\/staging.glassfilms.eu\/sv\/wp-json\/wp\/v2\/types\/product"}],"version-history":[{"count":1,"href":"https:\/\/staging.glassfilms.eu\/sv\/wp-json\/wp\/v2\/product\/367271\/revisions"}],"predecessor-version":[{"id":384267,"href":"https:\/\/staging.glassfilms.eu\/sv\/wp-json\/wp\/v2\/product\/367271\/revisions\/384267"}],"wp:featuredmedia":[{"embeddable":true,"href":"https:\/\/staging.glassfilms.eu\/sv\/wp-json\/wp\/v2\/media\/367328"}],"wp:attachment":[{"href":"https:\/\/staging.glassfilms.eu\/sv\/wp-json\/wp\/v2\/media?parent=367271"}],"wp:term":[{"taxonomy":"product_brand","embeddable":true,"href":"https:\/\/staging.glassfilms.eu\/sv\/wp-json\/wp\/v2\/product_brand?post=367271"},{"taxonomy":"product_cat","embeddable":true,"href":"https:\/\/staging.glassfilms.eu\/sv\/wp-json\/wp\/v2\/product_cat?post=367271"},{"taxonomy":"product_tag","embeddable":true,"href":"https:\/\/staging.glassfilms.eu\/sv\/wp-json\/wp\/v2\/product_tag?post=367271"}],"curies":[{"name":"wp","href":"https:\/\/api.w.org\/{rel}","templated":true}]}}