{"id":367275,"date":"2024-06-12T10:10:04","date_gmt":"2024-06-12T10:10:04","guid":{"rendered":"https:\/\/www.glassfilms.eu\/new\/?post_type=product&#038;p=367275"},"modified":"2024-10-31T16:53:33","modified_gmt":"2024-10-31T16:53:33","slug":"sx-316132-frosted-stripes-horizontal","status":"publish","type":"product","link":"https:\/\/staging.glassfilms.eu\/sv\/produkt\/glasfilmer\/patterned-window-film\/striped-window-film\/sx-316132-frostade-rander-horisontellt\/","title":{"rendered":"SX-316132 Frosted Stripes - Horisontell"},"content":{"rendered":"","protected":false},"excerpt":{"rendered":"<p>SX-316132 Frosted Stripes f\u00f6nsterfilm. Bra film f\u00f6r subtil integritet. 3\/16\u2033 r\u00e4nder med 1\/32\u2033 fritt utrymme. R\u00e4nderna l\u00f6per horisontellt \u00f6ver rullens bredd.<\/p>\n<p>Denna film \u00e4r avsedd f\u00f6r montering p\u00e5 interi\u00f6rglas, enkel- eller dubbelglas och glas som vetter mot utsidan. Tillverkad av slitstark polyester med en frostad fyrkantig design, perfekt f\u00f6r insynsskydd, dekorativa eller arkitektoniska till\u00e4mpningar. Den totala nominella tjockleken \u00e4r 2 mil (50 mikron). Tillverkad med en silikonliner som skyddar det klara, tryckk\u00e4nsliga h\u00e4ft\u00e4mnet och appliceras med samma verktyg och tekniker som f\u00f6nsterfilmer.<\/p>","protected":false},"featured_media":367338,"template":"","meta":{"_acf_changed":false},"product_brand":[],"product_cat":[305,301,306,307],"product_tag":[],"class_list":{"0":"post-367275","1":"product","2":"type-product","3":"status-publish","4":"has-post-thumbnail","6":"product_cat-frosted-window-film","7":"product_cat-glass-films","8":"product_cat-patterned-window-film","9":"product_cat-striped-window-film","10":"pa_brand-solyx","12":"first","13":"onbackorder","14":"taxable","15":"shipping-taxable","16":"purchasable","17":"product-type-variable","18":"has-default-attributes"},"acf":[],"_links":{"self":[{"href":"https:\/\/staging.glassfilms.eu\/sv\/wp-json\/wp\/v2\/product\/367275","targetHints":{"allow":["GET"]}}],"collection":[{"href":"https:\/\/staging.glassfilms.eu\/sv\/wp-json\/wp\/v2\/product"}],"about":[{"href":"https:\/\/staging.glassfilms.eu\/sv\/wp-json\/wp\/v2\/types\/product"}],"version-history":[{"count":1,"href":"https:\/\/staging.glassfilms.eu\/sv\/wp-json\/wp\/v2\/product\/367275\/revisions"}],"predecessor-version":[{"id":384276,"href":"https:\/\/staging.glassfilms.eu\/sv\/wp-json\/wp\/v2\/product\/367275\/revisions\/384276"}],"wp:featuredmedia":[{"embeddable":true,"href":"https:\/\/staging.glassfilms.eu\/sv\/wp-json\/wp\/v2\/media\/367338"}],"wp:attachment":[{"href":"https:\/\/staging.glassfilms.eu\/sv\/wp-json\/wp\/v2\/media?parent=367275"}],"wp:term":[{"taxonomy":"product_brand","embeddable":true,"href":"https:\/\/staging.glassfilms.eu\/sv\/wp-json\/wp\/v2\/product_brand?post=367275"},{"taxonomy":"product_cat","embeddable":true,"href":"https:\/\/staging.glassfilms.eu\/sv\/wp-json\/wp\/v2\/product_cat?post=367275"},{"taxonomy":"product_tag","embeddable":true,"href":"https:\/\/staging.glassfilms.eu\/sv\/wp-json\/wp\/v2\/product_tag?post=367275"}],"curies":[{"name":"wp","href":"https:\/\/api.w.org\/{rel}","templated":true}]}}