{"id":367364,"date":"2024-06-12T10:10:27","date_gmt":"2024-06-12T10:10:27","guid":{"rendered":"https:\/\/www.glassfilms.eu\/new\/?post_type=product&#038;p=367364"},"modified":"2024-11-25T10:36:29","modified_gmt":"2024-11-25T10:36:29","slug":"sx-5031-matte-linen","status":"publish","type":"product","link":"https:\/\/staging.glassfilms.eu\/sv\/produkt\/glasfilmer\/patterned-window-film\/striped-window-film\/sx-5031-matt-linne\/","title":{"rendered":"SX-5031 Matt linne"},"content":{"rendered":"<p><strong>Typical Characteristics<\/strong><br \/>\nDimensional Stability: Good<br \/>\nTemperature Ranges: Minimum application temperature is +40OF.<br \/>\nService temperature range is -40OF to +250OF.<\/p>\n<p>Adhesion: To stainless steel \u2013 40oz. \/ in.<br \/>\nPSTC-1 with 24-hr dwell at 70OF and 50% relative humidity.<br \/>\nTypical values. Individual values may vary.<\/p>\n<p>Exterior Durability: Has very good resistance to discoloration caused by UV light.<\/p>\n<p>Water Resistance: Has limited immersion resistance. Test specific application.<\/p>\n<p>Humidity Resistance: Good<\/p>\n<p>Storage Stability: 2-yr shelf life when stored at 70 fahrenheit and 50% relative humidity.<\/p>","protected":false},"excerpt":{"rendered":"<p>SX-5031 Matte Linen \u00e4r en frostad polyester som ger en transparent\/genomskinlig effekt med ett tryckt linne-m\u00f6nster. Idealisk f\u00f6r att d\u00f6lja direkt synlighet och utm\u00e4rkt ljusgenomsl\u00e4pp.<\/p>\n<p>Denna film rekommenderas f\u00f6r applicering p\u00e5 interi\u00f6rglas, enkel- eller dubbelglas, och glas som vetter ut\u00e5t. Den h\u00e4r filmen kan ocks\u00e5 monteras p\u00e5 utv\u00e4ndiga applikationer. Tillverkad av slitstark polyester med matt yta och tryckt linnem\u00f6nster. Filmen har en total nominell tjocklek p\u00e5 2 mil (50 mikron). Perfekt f\u00f6r semi-privacy, dekorativa eller arkitektoniska applikationer. Levereras med en silikonliner som skyddar det klara, tryckk\u00e4nsliga h\u00e4ft\u00e4mnet och appliceras med samma verktyg och tekniker som f\u00f6nsterfilmer.<\/p>","protected":false},"featured_media":367402,"template":"","meta":{"_acf_changed":false},"product_brand":[],"product_cat":[305,301,499,659,306,307],"product_tag":[],"class_list":{"0":"post-367364","1":"product","2":"type-product","3":"status-publish","4":"has-post-thumbnail","6":"product_cat-frosted-window-film","7":"product_cat-glass-films","8":"product_cat-natural-patterned-window-film","9":"product_cat-patterned-frost-window-films","10":"product_cat-patterned-window-film","11":"product_cat-striped-window-film","12":"pa_brand-solyx","14":"first","15":"onbackorder","16":"taxable","17":"shipping-taxable","18":"purchasable","19":"product-type-variable","20":"has-default-attributes"},"acf":[],"_links":{"self":[{"href":"https:\/\/staging.glassfilms.eu\/sv\/wp-json\/wp\/v2\/product\/367364","targetHints":{"allow":["GET"]}}],"collection":[{"href":"https:\/\/staging.glassfilms.eu\/sv\/wp-json\/wp\/v2\/product"}],"about":[{"href":"https:\/\/staging.glassfilms.eu\/sv\/wp-json\/wp\/v2\/types\/product"}],"version-history":[{"count":1,"href":"https:\/\/staging.glassfilms.eu\/sv\/wp-json\/wp\/v2\/product\/367364\/revisions"}],"predecessor-version":[{"id":380030,"href":"https:\/\/staging.glassfilms.eu\/sv\/wp-json\/wp\/v2\/product\/367364\/revisions\/380030"}],"wp:featuredmedia":[{"embeddable":true,"href":"https:\/\/staging.glassfilms.eu\/sv\/wp-json\/wp\/v2\/media\/367402"}],"wp:attachment":[{"href":"https:\/\/staging.glassfilms.eu\/sv\/wp-json\/wp\/v2\/media?parent=367364"}],"wp:term":[{"taxonomy":"product_brand","embeddable":true,"href":"https:\/\/staging.glassfilms.eu\/sv\/wp-json\/wp\/v2\/product_brand?post=367364"},{"taxonomy":"product_cat","embeddable":true,"href":"https:\/\/staging.glassfilms.eu\/sv\/wp-json\/wp\/v2\/product_cat?post=367364"},{"taxonomy":"product_tag","embeddable":true,"href":"https:\/\/staging.glassfilms.eu\/sv\/wp-json\/wp\/v2\/product_tag?post=367364"}],"curies":[{"name":"wp","href":"https:\/\/api.w.org\/{rel}","templated":true}]}}