{"id":367378,"date":"2024-06-12T10:10:27","date_gmt":"2024-06-12T10:10:27","guid":{"rendered":"https:\/\/www.glassfilms.eu\/new\/?post_type=product&#038;p=367378"},"modified":"2024-11-15T17:34:46","modified_gmt":"2024-11-15T17:34:46","slug":"sxb-25-brimstone-yellow-sand-blast","status":"publish","type":"product","link":"https:\/\/staging.glassfilms.eu\/sv\/produkt\/glasfilmer\/coloured-window-film\/sxb-25-brimstone-gul-sand-blast\/","title":{"rendered":"SXB-25 Brimstone Gul sandbl\u00e4string"},"content":{"rendered":"","protected":false},"excerpt":{"rendered":"<p>SXB-25 Brimstone Yellow Sand Blast Coloured Glass Films \u00e4r en genomskinlig, h\u00f6gkvalitativ pr\u00e4glad vinylkombination som simulerar sandbl\u00e4strat glas. Idealisk f\u00f6r att skymma direkt sikt samtidigt som den till\u00e5ter utm\u00e4rkt ljusgenomsl\u00e4pp.<\/p>\n<p><strong>Anpassar oh\u00e4rdat glas till s\u00e4kerhetsstandarder f\u00f6r h\u00e4rdat glas<\/strong><br \/>\nPASSERAR:<br \/>\nANSI Z97.1-1984<br \/>\n16 CFR 1201 U.S.G.S. Kategori II: Brytstyrka 100PLI<\/p>","protected":false},"featured_media":367443,"template":"","meta":{"_acf_changed":false},"product_brand":[],"product_cat":[302,305,301],"product_tag":[],"class_list":{"0":"post-367378","1":"product","2":"type-product","3":"status-publish","4":"has-post-thumbnail","6":"product_cat-coloured-window-film","7":"product_cat-frosted-window-film","8":"product_cat-glass-films","9":"pa_brand-solyx","11":"first","12":"instock","13":"taxable","14":"shipping-taxable","15":"purchasable","16":"product-type-variable","17":"has-default-attributes"},"acf":[],"_links":{"self":[{"href":"https:\/\/staging.glassfilms.eu\/sv\/wp-json\/wp\/v2\/product\/367378","targetHints":{"allow":["GET"]}}],"collection":[{"href":"https:\/\/staging.glassfilms.eu\/sv\/wp-json\/wp\/v2\/product"}],"about":[{"href":"https:\/\/staging.glassfilms.eu\/sv\/wp-json\/wp\/v2\/types\/product"}],"version-history":[{"count":1,"href":"https:\/\/staging.glassfilms.eu\/sv\/wp-json\/wp\/v2\/product\/367378\/revisions"}],"predecessor-version":[{"id":384468,"href":"https:\/\/staging.glassfilms.eu\/sv\/wp-json\/wp\/v2\/product\/367378\/revisions\/384468"}],"wp:featuredmedia":[{"embeddable":true,"href":"https:\/\/staging.glassfilms.eu\/sv\/wp-json\/wp\/v2\/media\/367443"}],"wp:attachment":[{"href":"https:\/\/staging.glassfilms.eu\/sv\/wp-json\/wp\/v2\/media?parent=367378"}],"wp:term":[{"taxonomy":"product_brand","embeddable":true,"href":"https:\/\/staging.glassfilms.eu\/sv\/wp-json\/wp\/v2\/product_brand?post=367378"},{"taxonomy":"product_cat","embeddable":true,"href":"https:\/\/staging.glassfilms.eu\/sv\/wp-json\/wp\/v2\/product_cat?post=367378"},{"taxonomy":"product_tag","embeddable":true,"href":"https:\/\/staging.glassfilms.eu\/sv\/wp-json\/wp\/v2\/product_tag?post=367378"}],"curies":[{"name":"wp","href":"https:\/\/api.w.org\/{rel}","templated":true}]}}