{"id":367381,"date":"2024-06-12T10:10:27","date_gmt":"2024-06-12T10:10:27","guid":{"rendered":"https:\/\/www.glassfilms.eu\/new\/?post_type=product&#038;p=367381"},"modified":"2024-11-15T17:36:37","modified_gmt":"2024-11-15T17:36:37","slug":"sxb-30-dark-red-sand-blast","status":"publish","type":"product","link":"https:\/\/staging.glassfilms.eu\/sv\/produkt\/glasfilmer\/coloured-window-film\/sxb-30-mork-rod-sand-blast\/","title":{"rendered":"SXB-30 M\u00f6rkr\u00f6d sandbl\u00e4string"},"content":{"rendered":"","protected":false},"excerpt":{"rendered":"<p>SXB-30 Dark Red Sand Blast Coloured Glass Films \u00e4r en genomskinlig, h\u00f6gkvalitativ pr\u00e4glad vinylkombination som simulerar sandbl\u00e4strat glas. Idealisk f\u00f6r att skymma direkt sikt samtidigt som den ger utm\u00e4rkt ljusgenomsl\u00e4pp.<\/p>\n<p><strong>Anpassar oh\u00e4rdat glas till s\u00e4kerhetsstandarder f\u00f6r h\u00e4rdat glas<\/strong><br \/>\nPASSERAR:<br \/>\nANSI Z97.1-1984<br \/>\n16 CFR 1201 U.S.G.S. Kategori II: Brytstyrka 100PLI<\/p>","protected":false},"featured_media":367449,"template":"","meta":{"_acf_changed":false},"product_brand":[],"product_cat":[302,305,301],"product_tag":[],"class_list":{"0":"post-367381","1":"product","2":"type-product","3":"status-publish","4":"has-post-thumbnail","6":"product_cat-coloured-window-film","7":"product_cat-frosted-window-film","8":"product_cat-glass-films","9":"pa_brand-solyx","11":"first","12":"onbackorder","13":"taxable","14":"shipping-taxable","15":"purchasable","16":"product-type-variable","17":"has-default-attributes"},"acf":[],"_links":{"self":[{"href":"https:\/\/staging.glassfilms.eu\/sv\/wp-json\/wp\/v2\/product\/367381","targetHints":{"allow":["GET"]}}],"collection":[{"href":"https:\/\/staging.glassfilms.eu\/sv\/wp-json\/wp\/v2\/product"}],"about":[{"href":"https:\/\/staging.glassfilms.eu\/sv\/wp-json\/wp\/v2\/types\/product"}],"version-history":[{"count":1,"href":"https:\/\/staging.glassfilms.eu\/sv\/wp-json\/wp\/v2\/product\/367381\/revisions"}],"predecessor-version":[{"id":384476,"href":"https:\/\/staging.glassfilms.eu\/sv\/wp-json\/wp\/v2\/product\/367381\/revisions\/384476"}],"wp:featuredmedia":[{"embeddable":true,"href":"https:\/\/staging.glassfilms.eu\/sv\/wp-json\/wp\/v2\/media\/367449"}],"wp:attachment":[{"href":"https:\/\/staging.glassfilms.eu\/sv\/wp-json\/wp\/v2\/media?parent=367381"}],"wp:term":[{"taxonomy":"product_brand","embeddable":true,"href":"https:\/\/staging.glassfilms.eu\/sv\/wp-json\/wp\/v2\/product_brand?post=367381"},{"taxonomy":"product_cat","embeddable":true,"href":"https:\/\/staging.glassfilms.eu\/sv\/wp-json\/wp\/v2\/product_cat?post=367381"},{"taxonomy":"product_tag","embeddable":true,"href":"https:\/\/staging.glassfilms.eu\/sv\/wp-json\/wp\/v2\/product_tag?post=367381"}],"curies":[{"name":"wp","href":"https:\/\/api.w.org\/{rel}","templated":true}]}}