{"id":367570,"date":"2024-06-12T10:11:07","date_gmt":"2024-06-12T10:11:07","guid":{"rendered":"https:\/\/www.glassfilms.eu\/new\/?post_type=product&#038;p=367570"},"modified":"2024-11-15T17:05:42","modified_gmt":"2024-11-15T17:05:42","slug":"sxb-63-lime-tree-green-sand-blast","status":"publish","type":"product","link":"https:\/\/staging.glassfilms.eu\/sv\/produkt\/glasfilmer\/coloured-window-film\/sxb-63-lime-tree-gron-sand-blast\/","title":{"rendered":"SXB-63 Lime Tree Green Sand Blast"},"content":{"rendered":"","protected":false},"excerpt":{"rendered":"<p>SXB-63 Lime Tree Green Sand Blast Coloured Glass Film \u00e4r en genomskinlig, h\u00f6gkvalitativ pr\u00e4glad vinylkombination som simulerar sandbl\u00e4strat glas. Idealisk f\u00f6r att skymma direkt sikt samtidigt som den ger utm\u00e4rkt ljusgenomsl\u00e4pp.<\/p>\n<p><strong>Anpassar oh\u00e4rdat glas till s\u00e4kerhetsstandarder f\u00f6r h\u00e4rdat glas<\/strong><br \/>\nPASSERAR:<br \/>\nANSI Z97.1-1984<br \/>\n16 CFR 1201 U.S.G.S. Kategori II: Brytstyrka 100PLI<\/p>","protected":false},"featured_media":367610,"template":"","meta":{"_acf_changed":false},"product_brand":[],"product_cat":[302,305,301],"product_tag":[],"class_list":{"0":"post-367570","1":"product","2":"type-product","3":"status-publish","4":"has-post-thumbnail","6":"product_cat-coloured-window-film","7":"product_cat-frosted-window-film","8":"product_cat-glass-films","9":"pa_brand-solyx","11":"first","12":"onbackorder","13":"taxable","14":"shipping-taxable","15":"purchasable","16":"product-type-variable","17":"has-default-attributes"},"acf":[],"_links":{"self":[{"href":"https:\/\/staging.glassfilms.eu\/sv\/wp-json\/wp\/v2\/product\/367570","targetHints":{"allow":["GET"]}}],"collection":[{"href":"https:\/\/staging.glassfilms.eu\/sv\/wp-json\/wp\/v2\/product"}],"about":[{"href":"https:\/\/staging.glassfilms.eu\/sv\/wp-json\/wp\/v2\/types\/product"}],"version-history":[{"count":1,"href":"https:\/\/staging.glassfilms.eu\/sv\/wp-json\/wp\/v2\/product\/367570\/revisions"}],"predecessor-version":[{"id":384576,"href":"https:\/\/staging.glassfilms.eu\/sv\/wp-json\/wp\/v2\/product\/367570\/revisions\/384576"}],"wp:featuredmedia":[{"embeddable":true,"href":"https:\/\/staging.glassfilms.eu\/sv\/wp-json\/wp\/v2\/media\/367610"}],"wp:attachment":[{"href":"https:\/\/staging.glassfilms.eu\/sv\/wp-json\/wp\/v2\/media?parent=367570"}],"wp:term":[{"taxonomy":"product_brand","embeddable":true,"href":"https:\/\/staging.glassfilms.eu\/sv\/wp-json\/wp\/v2\/product_brand?post=367570"},{"taxonomy":"product_cat","embeddable":true,"href":"https:\/\/staging.glassfilms.eu\/sv\/wp-json\/wp\/v2\/product_cat?post=367570"},{"taxonomy":"product_tag","embeddable":true,"href":"https:\/\/staging.glassfilms.eu\/sv\/wp-json\/wp\/v2\/product_tag?post=367570"}],"curies":[{"name":"wp","href":"https:\/\/api.w.org\/{rel}","templated":true}]}}