{"id":367746,"date":"2024-06-12T10:11:42","date_gmt":"2024-06-12T10:11:42","guid":{"rendered":"https:\/\/www.glassfilms.eu\/new\/?post_type=product&#038;p=367746"},"modified":"2024-11-21T14:29:07","modified_gmt":"2024-11-21T14:29:07","slug":"sx-c300-dusted-etch","status":"publish","type":"product","link":"https:\/\/staging.glassfilms.eu\/sv\/produkt\/glasfilmer\/frosted-window-film\/simple-frost\/sx-c300-dusted-etch\/","title":{"rendered":"SX-C300 Dammad etsning"},"content":{"rendered":"","protected":false},"excerpt":{"rendered":"<p>SX-C300 Dusted Etch \u00e4r en enf\u00e4rgad polyesterfilm med etsad yta. Denna produkt \u00e4r idealisk f\u00f6r att skymma direkt sikt samtidigt som den till\u00e5ter utm\u00e4rkt ljusgenomsl\u00e4pp. Denna produkt \u00e4r idealisk f\u00f6r att skymma direkt sikt samtidigt som den till\u00e5ter utm\u00e4rkt ljusgenomsl\u00e4pp. Filmen har en silikonliner av polyester och ett tryckk\u00e4nsligt h\u00e4ft\u00e4mne. Den \u00e4r perfekt f\u00f6r insynsskydd, dekorativa eller arkitektoniska till\u00e4mpningar och installeras med samma verktyg och metoder som f\u00f6nsterfilmer. (Obs: Denna film \u00e4r transparent n\u00e4r den \u00e4r v\u00e5t)<\/p>","protected":false},"featured_media":367762,"template":"","meta":{"_acf_changed":false},"product_brand":[],"product_cat":[305,301,308,23],"product_tag":[],"class_list":{"0":"post-367746","1":"product","2":"type-product","3":"status-publish","4":"has-post-thumbnail","6":"product_cat-frosted-window-film","7":"product_cat-glass-films","8":"product_cat-light-diffusing-window-films","9":"product_cat-simple-frost","10":"pa_brand-solyx","12":"first","13":"onbackorder","14":"taxable","15":"shipping-taxable","16":"purchasable","17":"product-type-variable","18":"has-default-attributes"},"acf":[],"_links":{"self":[{"href":"https:\/\/staging.glassfilms.eu\/sv\/wp-json\/wp\/v2\/product\/367746","targetHints":{"allow":["GET"]}}],"collection":[{"href":"https:\/\/staging.glassfilms.eu\/sv\/wp-json\/wp\/v2\/product"}],"about":[{"href":"https:\/\/staging.glassfilms.eu\/sv\/wp-json\/wp\/v2\/types\/product"}],"version-history":[{"count":1,"href":"https:\/\/staging.glassfilms.eu\/sv\/wp-json\/wp\/v2\/product\/367746\/revisions"}],"predecessor-version":[{"id":380309,"href":"https:\/\/staging.glassfilms.eu\/sv\/wp-json\/wp\/v2\/product\/367746\/revisions\/380309"}],"wp:featuredmedia":[{"embeddable":true,"href":"https:\/\/staging.glassfilms.eu\/sv\/wp-json\/wp\/v2\/media\/367762"}],"wp:attachment":[{"href":"https:\/\/staging.glassfilms.eu\/sv\/wp-json\/wp\/v2\/media?parent=367746"}],"wp:term":[{"taxonomy":"product_brand","embeddable":true,"href":"https:\/\/staging.glassfilms.eu\/sv\/wp-json\/wp\/v2\/product_brand?post=367746"},{"taxonomy":"product_cat","embeddable":true,"href":"https:\/\/staging.glassfilms.eu\/sv\/wp-json\/wp\/v2\/product_cat?post=367746"},{"taxonomy":"product_tag","embeddable":true,"href":"https:\/\/staging.glassfilms.eu\/sv\/wp-json\/wp\/v2\/product_tag?post=367746"}],"curies":[{"name":"wp","href":"https:\/\/api.w.org\/{rel}","templated":true}]}}