{"id":367800,"date":"2024-06-12T10:11:55","date_gmt":"2024-06-12T10:11:55","guid":{"rendered":"https:\/\/www.glassfilms.eu\/new\/?post_type=product&#038;p=367800"},"modified":"2024-11-19T14:28:20","modified_gmt":"2024-11-19T14:28:20","slug":"sxd-4240-dichrostones","status":"publish","type":"product","link":"https:\/\/staging.glassfilms.eu\/sv\/produkt\/glasfilmer\/coloured-window-film\/dichroic-window-film\/sxd-4240-dichrostones-2\/","title":{"rendered":"SXD-4240 DichroStones"},"content":{"rendered":"","protected":false},"excerpt":{"rendered":"<p>SXD-4240 DichroStones \u00e4r en slitstark, formstabil, genomskinlig vinylfilm med en dichroisk 3D-effekt. En skimrande och vacker film av dikroiskt slipat glas som skiftar i en regnb\u00e5ge av f\u00e4rger n\u00e4r ljuset eller r\u00f6relsen \u00e4ndras. En utm\u00e4rkt integritetsfilm som d\u00f6ljer direkt synlighet och ger utm\u00e4rkt ljus\u00f6verf\u00f6ring. Sj\u00e4lvh\u00e4ftande baksida.<\/p>","protected":false},"featured_media":367856,"template":"","meta":{"_acf_changed":false},"product_brand":[],"product_cat":[302,523,301],"product_tag":[],"class_list":{"0":"post-367800","1":"product","2":"type-product","3":"status-publish","4":"has-post-thumbnail","6":"product_cat-coloured-window-film","7":"product_cat-dichroic-window-film","8":"product_cat-glass-films","9":"pa_brand-solyx","11":"first","12":"onbackorder","13":"taxable","14":"shipping-taxable","15":"purchasable","16":"product-type-variable","17":"has-default-attributes"},"acf":[],"_links":{"self":[{"href":"https:\/\/staging.glassfilms.eu\/sv\/wp-json\/wp\/v2\/product\/367800","targetHints":{"allow":["GET"]}}],"collection":[{"href":"https:\/\/staging.glassfilms.eu\/sv\/wp-json\/wp\/v2\/product"}],"about":[{"href":"https:\/\/staging.glassfilms.eu\/sv\/wp-json\/wp\/v2\/types\/product"}],"version-history":[{"count":1,"href":"https:\/\/staging.glassfilms.eu\/sv\/wp-json\/wp\/v2\/product\/367800\/revisions"}],"predecessor-version":[{"id":385593,"href":"https:\/\/staging.glassfilms.eu\/sv\/wp-json\/wp\/v2\/product\/367800\/revisions\/385593"}],"wp:featuredmedia":[{"embeddable":true,"href":"https:\/\/staging.glassfilms.eu\/sv\/wp-json\/wp\/v2\/media\/367856"}],"wp:attachment":[{"href":"https:\/\/staging.glassfilms.eu\/sv\/wp-json\/wp\/v2\/media?parent=367800"}],"wp:term":[{"taxonomy":"product_brand","embeddable":true,"href":"https:\/\/staging.glassfilms.eu\/sv\/wp-json\/wp\/v2\/product_brand?post=367800"},{"taxonomy":"product_cat","embeddable":true,"href":"https:\/\/staging.glassfilms.eu\/sv\/wp-json\/wp\/v2\/product_cat?post=367800"},{"taxonomy":"product_tag","embeddable":true,"href":"https:\/\/staging.glassfilms.eu\/sv\/wp-json\/wp\/v2\/product_tag?post=367800"}],"curies":[{"name":"wp","href":"https:\/\/api.w.org\/{rel}","templated":true}]}}