{"id":367809,"date":"2024-06-12T10:11:55","date_gmt":"2024-06-12T10:11:55","guid":{"rendered":"https:\/\/www.glassfilms.eu\/new\/?post_type=product&#038;p=367809"},"modified":"2024-11-19T16:00:04","modified_gmt":"2024-11-19T16:00:04","slug":"sxeg-1027-stained-glass-abstract","status":"publish","type":"product","link":"https:\/\/staging.glassfilms.eu\/sv\/produkt\/glasfilmer\/coloured-window-film\/stained-glass-window-film\/sxeg-1027-fargat-glas-abstrakt-2\/","title":{"rendered":"SXEG-1027 Abstrakt glasm\u00e5lning"},"content":{"rendered":"","protected":false},"excerpt":{"rendered":"<p>SXEG-1027 Abstract Stained Glass films vackert f\u00e4rgad, attraktivt utformad PVC dekorativ glasm\u00e5lningsfilm. Denna film simulerar faktiskt f\u00e4rgat glas.  F\u00f6r att f\u00e5 en fullst\u00e4ndig m\u00f6nsterrepetition m\u00e5ste best\u00e4llningen vara minst 1 meter eller mer.<\/p>\n<p>Denna dekorativa film f\u00f6r glasm\u00e5lningar rekommenderas f\u00f6r applicering p\u00e5 interi\u00f6r- och exteri\u00f6rglas (insidan). Tillverkad av slitstark PVC med en dekorativ yta och ett skyddat laminerat tryck. Total nominell tjocklek \u00e4r 8 mil. Levereras med en silikonliner som skyddar det klara, tryckk\u00e4nsliga h\u00e4ft\u00e4mnet och appliceras med samma verktyg och tekniker som f\u00f6nsterfilmer.<\/p>","protected":false},"featured_media":367886,"template":"","meta":{"_acf_changed":false},"product_brand":[],"product_cat":[302,301,787],"product_tag":[],"class_list":{"0":"post-367809","1":"product","2":"type-product","3":"status-publish","4":"has-post-thumbnail","6":"product_cat-coloured-window-film","7":"product_cat-glass-films","8":"product_cat-stained-glass-window-film","9":"pa_brand-solyx","11":"first","12":"onbackorder","13":"taxable","14":"shipping-taxable","15":"purchasable","16":"product-type-variable","17":"has-default-attributes"},"acf":[],"_links":{"self":[{"href":"https:\/\/staging.glassfilms.eu\/sv\/wp-json\/wp\/v2\/product\/367809","targetHints":{"allow":["GET"]}}],"collection":[{"href":"https:\/\/staging.glassfilms.eu\/sv\/wp-json\/wp\/v2\/product"}],"about":[{"href":"https:\/\/staging.glassfilms.eu\/sv\/wp-json\/wp\/v2\/types\/product"}],"version-history":[{"count":2,"href":"https:\/\/staging.glassfilms.eu\/sv\/wp-json\/wp\/v2\/product\/367809\/revisions"}],"predecessor-version":[{"id":384686,"href":"https:\/\/staging.glassfilms.eu\/sv\/wp-json\/wp\/v2\/product\/367809\/revisions\/384686"}],"wp:featuredmedia":[{"embeddable":true,"href":"https:\/\/staging.glassfilms.eu\/sv\/wp-json\/wp\/v2\/media\/367886"}],"wp:attachment":[{"href":"https:\/\/staging.glassfilms.eu\/sv\/wp-json\/wp\/v2\/media?parent=367809"}],"wp:term":[{"taxonomy":"product_brand","embeddable":true,"href":"https:\/\/staging.glassfilms.eu\/sv\/wp-json\/wp\/v2\/product_brand?post=367809"},{"taxonomy":"product_cat","embeddable":true,"href":"https:\/\/staging.glassfilms.eu\/sv\/wp-json\/wp\/v2\/product_cat?post=367809"},{"taxonomy":"product_tag","embeddable":true,"href":"https:\/\/staging.glassfilms.eu\/sv\/wp-json\/wp\/v2\/product_tag?post=367809"}],"curies":[{"name":"wp","href":"https:\/\/api.w.org\/{rel}","templated":true}]}}