{"id":367910,"date":"2024-06-12T10:12:20","date_gmt":"2024-06-12T10:12:20","guid":{"rendered":"https:\/\/www.glassfilms.eu\/new\/?post_type=product&#038;p=367910"},"modified":"2024-11-21T13:04:47","modified_gmt":"2024-11-21T13:04:47","slug":"sxhe-39-clear-feathered","status":"publish","type":"product","link":"https:\/\/staging.glassfilms.eu\/sv\/produkt\/glasfilmer\/patterned-window-film\/striped-window-film\/sxhe-39-klar-fjaderprydd\/","title":{"rendered":"SXHE-39 Clear Feathered"},"content":{"rendered":"","protected":false},"excerpt":{"rendered":"<div class=\"page\" title=\"Sidan 1\">\n<div class=\"section\">\n<div class=\"layoutArea\">\n<div class=\"column\">\n<div class=\"page\" title=\"Sidan 1\">\n<div class=\"section\">\n<div class=\"layoutArea\">\n<div class=\"column\">\n<p>SXHE-39 Clear Feathered \u00e4r en klar, genomskinlig, h\u00f6gkvalitativ vinylfilm med pr\u00e4glat texturerat m\u00f6nster. Denna produkt \u00e4r idealisk f\u00f6r att skymma direkt sikt samtidigt som den ger utm\u00e4rkt ljusgenomsl\u00e4pp.<\/p>\n<\/div>\n<\/div>\n<\/div>\n<\/div>\n<\/div>\n<\/div>\n<\/div>\n<\/div>","protected":false},"featured_media":367980,"template":"","meta":{"_acf_changed":false},"product_brand":[],"product_cat":[305,301,659,306,307,303],"product_tag":[],"class_list":{"0":"post-367910","1":"product","2":"type-product","3":"status-publish","4":"has-post-thumbnail","6":"product_cat-frosted-window-film","7":"product_cat-glass-films","8":"product_cat-patterned-frost-window-films","9":"product_cat-patterned-window-film","10":"product_cat-striped-window-film","11":"product_cat-textured-window-film","12":"pa_brand-solyx","14":"first","15":"onbackorder","16":"taxable","17":"shipping-taxable","18":"purchasable","19":"product-type-variable","20":"has-default-attributes"},"acf":[],"_links":{"self":[{"href":"https:\/\/staging.glassfilms.eu\/sv\/wp-json\/wp\/v2\/product\/367910","targetHints":{"allow":["GET"]}}],"collection":[{"href":"https:\/\/staging.glassfilms.eu\/sv\/wp-json\/wp\/v2\/product"}],"about":[{"href":"https:\/\/staging.glassfilms.eu\/sv\/wp-json\/wp\/v2\/types\/product"}],"version-history":[{"count":1,"href":"https:\/\/staging.glassfilms.eu\/sv\/wp-json\/wp\/v2\/product\/367910\/revisions"}],"predecessor-version":[{"id":380356,"href":"https:\/\/staging.glassfilms.eu\/sv\/wp-json\/wp\/v2\/product\/367910\/revisions\/380356"}],"wp:featuredmedia":[{"embeddable":true,"href":"https:\/\/staging.glassfilms.eu\/sv\/wp-json\/wp\/v2\/media\/367980"}],"wp:attachment":[{"href":"https:\/\/staging.glassfilms.eu\/sv\/wp-json\/wp\/v2\/media?parent=367910"}],"wp:term":[{"taxonomy":"product_brand","embeddable":true,"href":"https:\/\/staging.glassfilms.eu\/sv\/wp-json\/wp\/v2\/product_brand?post=367910"},{"taxonomy":"product_cat","embeddable":true,"href":"https:\/\/staging.glassfilms.eu\/sv\/wp-json\/wp\/v2\/product_cat?post=367910"},{"taxonomy":"product_tag","embeddable":true,"href":"https:\/\/staging.glassfilms.eu\/sv\/wp-json\/wp\/v2\/product_tag?post=367910"}],"curies":[{"name":"wp","href":"https:\/\/api.w.org\/{rel}","templated":true}]}}