{"id":368008,"date":"2024-06-12T10:12:41","date_gmt":"2024-06-12T10:12:41","guid":{"rendered":"https:\/\/www.glassfilms.eu\/new\/?post_type=product&#038;p=368008"},"modified":"2024-11-15T15:20:47","modified_gmt":"2024-11-15T15:20:47","slug":"sxp-040-violet","status":"publish","type":"product","link":"https:\/\/staging.glassfilms.eu\/sv\/produkt\/glasfilmer\/coloured-window-film\/sxp-040-violett\/","title":{"rendered":"SXP-040 Violett"},"content":{"rendered":"","protected":false},"excerpt":{"rendered":"<p>Transparent, optiskt klar, f\u00e4rgad polyesterfilm med rept\u00e5lig, skyddande bel\u00e4ggning. Glansig yta. Skapad f\u00f6r h\u00f6gkvalitativa upplysta displayer, glasm\u00e5lningar, f\u00f6nstergrafik och bakgrundsbelysta glasytor. Finns i 25 glansiga f\u00e4rger som kan \u00f6verlagras f\u00f6r att skapa en o\u00e4ndlig f\u00e4rgpalett. (F\u00e4rgerna p\u00e5 bilderna \u00e4r representativa. Best\u00e4ll prover f\u00f6r att se f\u00e4rgerna exakt). **Den h\u00e4r filmen rekommenderas inte f\u00f6r installation i direkt solljus.**<\/p>","protected":false},"featured_media":368066,"template":"","meta":{"_acf_changed":false},"product_brand":[],"product_cat":[302,301],"product_tag":[],"class_list":{"0":"post-368008","1":"product","2":"type-product","3":"status-publish","4":"has-post-thumbnail","6":"product_cat-coloured-window-film","7":"product_cat-glass-films","8":"pa_brand-solyx","10":"first","11":"onbackorder","12":"taxable","13":"shipping-taxable","14":"purchasable","15":"product-type-variable","16":"has-default-attributes"},"acf":[],"_links":{"self":[{"href":"https:\/\/staging.glassfilms.eu\/sv\/wp-json\/wp\/v2\/product\/368008","targetHints":{"allow":["GET"]}}],"collection":[{"href":"https:\/\/staging.glassfilms.eu\/sv\/wp-json\/wp\/v2\/product"}],"about":[{"href":"https:\/\/staging.glassfilms.eu\/sv\/wp-json\/wp\/v2\/types\/product"}],"version-history":[{"count":1,"href":"https:\/\/staging.glassfilms.eu\/sv\/wp-json\/wp\/v2\/product\/368008\/revisions"}],"predecessor-version":[{"id":383547,"href":"https:\/\/staging.glassfilms.eu\/sv\/wp-json\/wp\/v2\/product\/368008\/revisions\/383547"}],"wp:featuredmedia":[{"embeddable":true,"href":"https:\/\/staging.glassfilms.eu\/sv\/wp-json\/wp\/v2\/media\/368066"}],"wp:attachment":[{"href":"https:\/\/staging.glassfilms.eu\/sv\/wp-json\/wp\/v2\/media?parent=368008"}],"wp:term":[{"taxonomy":"product_brand","embeddable":true,"href":"https:\/\/staging.glassfilms.eu\/sv\/wp-json\/wp\/v2\/product_brand?post=368008"},{"taxonomy":"product_cat","embeddable":true,"href":"https:\/\/staging.glassfilms.eu\/sv\/wp-json\/wp\/v2\/product_cat?post=368008"},{"taxonomy":"product_tag","embeddable":true,"href":"https:\/\/staging.glassfilms.eu\/sv\/wp-json\/wp\/v2\/product_tag?post=368008"}],"curies":[{"name":"wp","href":"https:\/\/api.w.org\/{rel}","templated":true}]}}