{"id":368016,"date":"2024-06-12T10:12:42","date_gmt":"2024-06-12T10:12:42","guid":{"rendered":"https:\/\/www.glassfilms.eu\/new\/?post_type=product&#038;p=368016"},"modified":"2024-11-15T15:15:07","modified_gmt":"2024-11-15T15:15:07","slug":"sxp-076-lilac","status":"publish","type":"product","link":"https:\/\/staging.glassfilms.eu\/sv\/produkt\/glasfilmer\/coloured-window-film\/sxp-076-lilac\/","title":{"rendered":"SXP-076 Lila"},"content":{"rendered":"","protected":false},"excerpt":{"rendered":"<p>Transparent, optiskt klar, f\u00e4rgad polyesterfilm med rept\u00e5lig, skyddande bel\u00e4ggning. Glansig yta. Skapad f\u00f6r h\u00f6gkvalitativa upplysta displayer, glasm\u00e5lningar, f\u00f6nstergrafik och bakgrundsbelysta glasytor. Finns i 25 glansiga f\u00e4rger som kan \u00f6verlagras f\u00f6r att skapa en o\u00e4ndlig f\u00e4rgpalett. (F\u00e4rgerna p\u00e5 bilderna \u00e4r representativa. Best\u00e4ll prover f\u00f6r att se f\u00e4rgerna exakt). **Den h\u00e4r filmen rekommenderas inte f\u00f6r installation i direkt solljus.**<\/p>","protected":false},"featured_media":368086,"template":"","meta":{"_acf_changed":false},"product_brand":[],"product_cat":[302,301],"product_tag":[],"class_list":{"0":"post-368016","1":"product","2":"type-product","3":"status-publish","4":"has-post-thumbnail","6":"product_cat-coloured-window-film","7":"product_cat-glass-films","8":"pa_brand-solyx","10":"first","11":"onbackorder","12":"taxable","13":"shipping-taxable","14":"purchasable","15":"product-type-variable","16":"has-default-attributes"},"acf":[],"_links":{"self":[{"href":"https:\/\/staging.glassfilms.eu\/sv\/wp-json\/wp\/v2\/product\/368016","targetHints":{"allow":["GET"]}}],"collection":[{"href":"https:\/\/staging.glassfilms.eu\/sv\/wp-json\/wp\/v2\/product"}],"about":[{"href":"https:\/\/staging.glassfilms.eu\/sv\/wp-json\/wp\/v2\/types\/product"}],"version-history":[{"count":1,"href":"https:\/\/staging.glassfilms.eu\/sv\/wp-json\/wp\/v2\/product\/368016\/revisions"}],"predecessor-version":[{"id":383558,"href":"https:\/\/staging.glassfilms.eu\/sv\/wp-json\/wp\/v2\/product\/368016\/revisions\/383558"}],"wp:featuredmedia":[{"embeddable":true,"href":"https:\/\/staging.glassfilms.eu\/sv\/wp-json\/wp\/v2\/media\/368086"}],"wp:attachment":[{"href":"https:\/\/staging.glassfilms.eu\/sv\/wp-json\/wp\/v2\/media?parent=368016"}],"wp:term":[{"taxonomy":"product_brand","embeddable":true,"href":"https:\/\/staging.glassfilms.eu\/sv\/wp-json\/wp\/v2\/product_brand?post=368016"},{"taxonomy":"product_cat","embeddable":true,"href":"https:\/\/staging.glassfilms.eu\/sv\/wp-json\/wp\/v2\/product_cat?post=368016"},{"taxonomy":"product_tag","embeddable":true,"href":"https:\/\/staging.glassfilms.eu\/sv\/wp-json\/wp\/v2\/product_tag?post=368016"}],"curies":[{"name":"wp","href":"https:\/\/api.w.org\/{rel}","templated":true}]}}