{"id":368112,"date":"2024-06-12T10:13:04","date_gmt":"2024-06-12T10:13:04","guid":{"rendered":"https:\/\/www.glassfilms.eu\/new\/?post_type=product&#038;p=368112"},"modified":"2024-11-26T15:32:18","modified_gmt":"2024-11-26T15:32:18","slug":"ultraglare-g035-light-shade","status":"publish","type":"product","link":"https:\/\/staging.glassfilms.eu\/sv\/produkt\/glasfilmer\/solar-window-films\/ultraglare-g035-ljus-skugga\/","title":{"rendered":"UltraGlare-G035 Ljussk\u00e4rm"},"content":{"rendered":"","protected":false},"excerpt":{"rendered":"<p>UltraGlare-G035 Light Shade \u00e4r en icke-reflekterande f\u00f6nsterfilm med maximal skuggning och bl\u00e4ndningsreduktion. Reducerar synligt ljusgenomsl\u00e4pp med 67%, avvisar 35% v\u00e4rme och blockerar 99% UV-str\u00e5lar. Denna film \u00e4r en av de b\u00e4sta skuggningsfilmerna som finns. Rekommenderas f\u00f6r applicering p\u00e5 interi\u00f6rglas. Denna film \u00e4r tillverkad av slitstark, transparent, chipf\u00e4rgad polyester med en rept\u00e5lig yta. Det tryckk\u00e4nsliga h\u00e4ft\u00e4mnet skyddas av en syntetisk release liner. Utm\u00e4rkt insynsskydd dagtid. Idealisk f\u00f6r toning av fordon samt f\u00f6r alla interi\u00f6ra applikationer.<\/p>","protected":false},"featured_media":368158,"template":"","meta":{"_acf_changed":false},"product_brand":[],"product_cat":[301,524],"product_tag":[],"class_list":{"0":"post-368112","1":"product","2":"type-product","3":"status-publish","4":"has-post-thumbnail","6":"product_cat-glass-films","7":"product_cat-solar-window-films","8":"pa_brand-ultraglare","10":"first","11":"onbackorder","12":"taxable","13":"shipping-taxable","14":"purchasable","15":"product-type-variable","16":"has-default-attributes"},"acf":[],"_links":{"self":[{"href":"https:\/\/staging.glassfilms.eu\/sv\/wp-json\/wp\/v2\/product\/368112","targetHints":{"allow":["GET"]}}],"collection":[{"href":"https:\/\/staging.glassfilms.eu\/sv\/wp-json\/wp\/v2\/product"}],"about":[{"href":"https:\/\/staging.glassfilms.eu\/sv\/wp-json\/wp\/v2\/types\/product"}],"version-history":[{"count":1,"href":"https:\/\/staging.glassfilms.eu\/sv\/wp-json\/wp\/v2\/product\/368112\/revisions"}],"predecessor-version":[{"id":383171,"href":"https:\/\/staging.glassfilms.eu\/sv\/wp-json\/wp\/v2\/product\/368112\/revisions\/383171"}],"wp:featuredmedia":[{"embeddable":true,"href":"https:\/\/staging.glassfilms.eu\/sv\/wp-json\/wp\/v2\/media\/368158"}],"wp:attachment":[{"href":"https:\/\/staging.glassfilms.eu\/sv\/wp-json\/wp\/v2\/media?parent=368112"}],"wp:term":[{"taxonomy":"product_brand","embeddable":true,"href":"https:\/\/staging.glassfilms.eu\/sv\/wp-json\/wp\/v2\/product_brand?post=368112"},{"taxonomy":"product_cat","embeddable":true,"href":"https:\/\/staging.glassfilms.eu\/sv\/wp-json\/wp\/v2\/product_cat?post=368112"},{"taxonomy":"product_tag","embeddable":true,"href":"https:\/\/staging.glassfilms.eu\/sv\/wp-json\/wp\/v2\/product_tag?post=368112"}],"curies":[{"name":"wp","href":"https:\/\/api.w.org\/{rel}","templated":true}]}}