{"id":368124,"date":"2024-06-12T10:13:05","date_gmt":"2024-06-12T10:13:05","guid":{"rendered":"https:\/\/www.glassfilms.eu\/new\/?post_type=product&#038;p=368124"},"modified":"2024-11-19T17:51:11","modified_gmt":"2024-11-19T17:51:11","slug":"sgc-6521-ice-melt","status":"publish","type":"product","link":"https:\/\/staging.glassfilms.eu\/sv\/produkt\/glasfilmer\/simulated-glass-films\/sgc-6521-ice-melt\/","title":{"rendered":"SGC-6521 Sm\u00e4ltning av is"},"content":{"rendered":"","protected":false},"excerpt":{"rendered":"<p>SimGlas SGC-6521 Ice Melt-film \u00e4r tillverkad av slitstark polyesterfilm. Filmen \u00e4r 100% UV-stabiliserad och kommer inte att missf\u00e4rgas eller krympa. Rekommenderas f\u00f6r applicering p\u00e5 interi\u00f6rglas. Denna produkt \u00e4r perfekt f\u00f6r semi-privacy distraktion, dekorativa eller arkitektoniska applikationer. Denna film \u00e4r tillverkad med en silikonliner som skyddar det klara tryckk\u00e4nsliga akrylh\u00e4ft\u00e4mnet. Denna film appliceras med samma verktyg och tekniker som f\u00f6nsterfilmer. Denna film \u00e4r formstabil.<\/p>\n<p>OBS: Denna sj\u00e4lvh\u00e4ftande film monteras enkelt med tv\u00e5lvatten och en gummiskrapa och \u00e4r <strong>ren borttagbar<\/strong>. Om det n\u00e5gonsin skulle bli n\u00f6dv\u00e4ndigt att ta bort denna film \u00e4r det bara att dra av filmen fr\u00e5n glaset fr\u00e5n ett h\u00f6rn.<\/p>","protected":false},"featured_media":368182,"template":"","meta":{"_acf_changed":false},"product_brand":[],"product_cat":[378],"product_tag":[],"class_list":{"0":"post-368124","1":"product","2":"type-product","3":"status-publish","4":"has-post-thumbnail","6":"product_cat-simulated-glass-films","7":"product_shipping_class-30-60-box-cut-sheet","8":"pa_brand-simglas","10":"first","11":"onbackorder","12":"featured","13":"taxable","14":"shipping-taxable","15":"purchasable","16":"product-type-variable","17":"has-default-attributes"},"acf":[],"_links":{"self":[{"href":"https:\/\/staging.glassfilms.eu\/sv\/wp-json\/wp\/v2\/product\/368124","targetHints":{"allow":["GET"]}}],"collection":[{"href":"https:\/\/staging.glassfilms.eu\/sv\/wp-json\/wp\/v2\/product"}],"about":[{"href":"https:\/\/staging.glassfilms.eu\/sv\/wp-json\/wp\/v2\/types\/product"}],"version-history":[{"count":1,"href":"https:\/\/staging.glassfilms.eu\/sv\/wp-json\/wp\/v2\/product\/368124\/revisions"}],"predecessor-version":[{"id":382832,"href":"https:\/\/staging.glassfilms.eu\/sv\/wp-json\/wp\/v2\/product\/368124\/revisions\/382832"}],"wp:featuredmedia":[{"embeddable":true,"href":"https:\/\/staging.glassfilms.eu\/sv\/wp-json\/wp\/v2\/media\/368182"}],"wp:attachment":[{"href":"https:\/\/staging.glassfilms.eu\/sv\/wp-json\/wp\/v2\/media?parent=368124"}],"wp:term":[{"taxonomy":"product_brand","embeddable":true,"href":"https:\/\/staging.glassfilms.eu\/sv\/wp-json\/wp\/v2\/product_brand?post=368124"},{"taxonomy":"product_cat","embeddable":true,"href":"https:\/\/staging.glassfilms.eu\/sv\/wp-json\/wp\/v2\/product_cat?post=368124"},{"taxonomy":"product_tag","embeddable":true,"href":"https:\/\/staging.glassfilms.eu\/sv\/wp-json\/wp\/v2\/product_tag?post=368124"}],"curies":[{"name":"wp","href":"https:\/\/api.w.org\/{rel}","templated":true}]}}