{"id":368198,"date":"2024-06-12T10:13:27","date_gmt":"2024-06-12T10:13:27","guid":{"rendered":"https:\/\/www.glassfilms.eu\/new\/?post_type=product&#038;p=368198"},"modified":"2024-11-19T17:09:45","modified_gmt":"2024-11-19T17:09:45","slug":"sx-1513-cut-glass-mosaic","status":"publish","type":"product","link":"https:\/\/staging.glassfilms.eu\/sv\/produkt\/glasfilmer\/patterned-window-film\/square-pattern-window-films\/sx-1513-cut-glass-mosaic-2\/","title":{"rendered":"SX-1513 Mosaik av slipat glas"},"content":{"rendered":"","protected":false},"excerpt":{"rendered":"<p>SX-1513 Cut Glass Mosaic \u00e4r en vacker prismatisk ljusspridningsfilm som skymmer direkt insyn och ger utm\u00e4rkt ljusgenomsl\u00e4pp. En utm\u00e4rkt sekretessfilm som d\u00f6ljer direkt synlighet. Genomskinlig vinylglasfilm som \u00e4r formstabil. Sj\u00e4lvh\u00e4ftande baksida.<\/p>","protected":false},"featured_media":368227,"template":"","meta":{"_acf_changed":false},"product_brand":[],"product_cat":[304,301,306,380,303],"product_tag":[],"class_list":{"0":"post-368198","1":"product","2":"type-product","3":"status-publish","4":"has-post-thumbnail","6":"product_cat-cut-glass-window-films","7":"product_cat-glass-films","8":"product_cat-patterned-window-film","9":"product_cat-square-pattern-window-films","10":"product_cat-textured-window-film","11":"pa_brand-solyx","13":"first","14":"onbackorder","15":"taxable","16":"shipping-taxable","17":"purchasable","18":"product-type-variable","19":"has-default-attributes"},"acf":[],"_links":{"self":[{"href":"https:\/\/staging.glassfilms.eu\/sv\/wp-json\/wp\/v2\/product\/368198","targetHints":{"allow":["GET"]}}],"collection":[{"href":"https:\/\/staging.glassfilms.eu\/sv\/wp-json\/wp\/v2\/product"}],"about":[{"href":"https:\/\/staging.glassfilms.eu\/sv\/wp-json\/wp\/v2\/types\/product"}],"version-history":[{"count":1,"href":"https:\/\/staging.glassfilms.eu\/sv\/wp-json\/wp\/v2\/product\/368198\/revisions"}],"predecessor-version":[{"id":384153,"href":"https:\/\/staging.glassfilms.eu\/sv\/wp-json\/wp\/v2\/product\/368198\/revisions\/384153"}],"wp:featuredmedia":[{"embeddable":true,"href":"https:\/\/staging.glassfilms.eu\/sv\/wp-json\/wp\/v2\/media\/368227"}],"wp:attachment":[{"href":"https:\/\/staging.glassfilms.eu\/sv\/wp-json\/wp\/v2\/media?parent=368198"}],"wp:term":[{"taxonomy":"product_brand","embeddable":true,"href":"https:\/\/staging.glassfilms.eu\/sv\/wp-json\/wp\/v2\/product_brand?post=368198"},{"taxonomy":"product_cat","embeddable":true,"href":"https:\/\/staging.glassfilms.eu\/sv\/wp-json\/wp\/v2\/product_cat?post=368198"},{"taxonomy":"product_tag","embeddable":true,"href":"https:\/\/staging.glassfilms.eu\/sv\/wp-json\/wp\/v2\/product_tag?post=368198"}],"curies":[{"name":"wp","href":"https:\/\/api.w.org\/{rel}","templated":true}]}}