{"id":368434,"date":"2024-06-12T10:14:23","date_gmt":"2024-06-12T10:14:23","guid":{"rendered":"https:\/\/www.glassfilms.eu\/new\/?post_type=product&#038;p=368434"},"modified":"2024-11-19T17:24:13","modified_gmt":"2024-11-19T17:24:13","slug":"sx-sc569-easyfit-black-ice-chip","status":"publish","type":"product","link":"https:\/\/staging.glassfilms.eu\/sv\/produkt\/glasfilmer\/easyfit-window-films\/easyfit-cut-glass\/sx-sc569-easyfit-svart-is-chip\/","title":{"rendered":"SX-SC569 easyfit Black Ice Chip"},"content":{"rendered":"","protected":false},"excerpt":{"rendered":"<p>SX-SC569 easyfit Black Ice Chip rekommenderas f\u00f6r applicering p\u00e5 interi\u00f6rglas, plast och polykarbonatskivor. Denna film \u00e4r tillverkad av en slitstark easyfit polypropylenfilm med en pr\u00e4glad texturerad yta. Filmerna har en klar, avtagbar skyddsfolie p\u00e5 baksidan som ska avl\u00e4gsnas f\u00f6re installation.<\/p>\n<p>V\u00e5rt sortiment av <a href=\"https:\/\/staging.glassfilms.eu\/sv\/easyfit\/\">easyfit<\/a> glasfilmerna \u00e4r helt avtagbara, \u00e5teranv\u00e4ndbara och inneh\u00e5ller inget lim. V\u00e5rt easyfit-sortiment kan anv\u00e4ndas p\u00e5 alla sl\u00e4ta, icke-por\u00f6sa ytor och det b\u00e4sta av allt \u00e4r att det kan installeras p\u00e5 bara n\u00e5gra minuter!<\/p>","protected":false},"featured_media":368465,"template":"","meta":{"_acf_changed":false},"product_brand":[],"product_cat":[304,744,742,301,303],"product_tag":[],"class_list":{"0":"post-368434","1":"product","2":"type-product","3":"status-publish","4":"has-post-thumbnail","6":"product_cat-cut-glass-window-films","7":"product_cat-easyfit-cut-glass","8":"product_cat-easyfit-window-films","9":"product_cat-glass-films","10":"product_cat-textured-window-film","11":"pa_brand-easyfit","13":"first","14":"instock","15":"taxable","16":"shipping-taxable","17":"purchasable","18":"product-type-variable","19":"has-default-attributes"},"acf":[],"_links":{"self":[{"href":"https:\/\/staging.glassfilms.eu\/sv\/wp-json\/wp\/v2\/product\/368434","targetHints":{"allow":["GET"]}}],"collection":[{"href":"https:\/\/staging.glassfilms.eu\/sv\/wp-json\/wp\/v2\/product"}],"about":[{"href":"https:\/\/staging.glassfilms.eu\/sv\/wp-json\/wp\/v2\/types\/product"}],"version-history":[{"count":1,"href":"https:\/\/staging.glassfilms.eu\/sv\/wp-json\/wp\/v2\/product\/368434\/revisions"}],"predecessor-version":[{"id":387770,"href":"https:\/\/staging.glassfilms.eu\/sv\/wp-json\/wp\/v2\/product\/368434\/revisions\/387770"}],"wp:featuredmedia":[{"embeddable":true,"href":"https:\/\/staging.glassfilms.eu\/sv\/wp-json\/wp\/v2\/media\/368465"}],"wp:attachment":[{"href":"https:\/\/staging.glassfilms.eu\/sv\/wp-json\/wp\/v2\/media?parent=368434"}],"wp:term":[{"taxonomy":"product_brand","embeddable":true,"href":"https:\/\/staging.glassfilms.eu\/sv\/wp-json\/wp\/v2\/product_brand?post=368434"},{"taxonomy":"product_cat","embeddable":true,"href":"https:\/\/staging.glassfilms.eu\/sv\/wp-json\/wp\/v2\/product_cat?post=368434"},{"taxonomy":"product_tag","embeddable":true,"href":"https:\/\/staging.glassfilms.eu\/sv\/wp-json\/wp\/v2\/product_tag?post=368434"}],"curies":[{"name":"wp","href":"https:\/\/api.w.org\/{rel}","templated":true}]}}