{"id":368452,"date":"2024-06-12T10:14:24","date_gmt":"2024-06-12T10:14:24","guid":{"rendered":"https:\/\/www.glassfilms.eu\/new\/?post_type=product&#038;p=368452"},"modified":"2024-11-21T15:49:11","modified_gmt":"2024-11-21T15:49:11","slug":"sxs-m5005-gold-opaque-metal-mirror-film","status":"publish","type":"product","link":"https:\/\/staging.glassfilms.eu\/sv\/produkt\/glasfilmer\/frosted-window-film\/opaque-window-films\/sxs-m5005-guld-opak-metall-spegel-2\/","title":{"rendered":"SXS-M5005 Guld Opaque Metal Mirror Film"},"content":{"rendered":"","protected":false},"excerpt":{"rendered":"<p>SXS-M5005 Gold Opaque Metal Mirror \u00e4r en t\u00e5lig, ogenomskinlig, reflekterande polyesterfilm. Den sj\u00e4lvh\u00e4ftande sidan av denna film \u00e4r silverf\u00e4rgad. Den levereras med en silikonbelagd pappersfolie som skyddar det genomskinliga, tryckk\u00e4nsliga h\u00e4ft\u00e4mnet och \u00e4r avsedd f\u00f6r applicering p\u00e5 innerglas, enkel- eller dubbelglas, och p\u00e5 utv\u00e4ndigt fasadglas. Denna film \u00e4r idealisk f\u00f6r insynsskydd, dekorativa, solskyddande eller arkitektoniska till\u00e4mpningar.<\/p>","protected":false},"featured_media":368499,"template":"","meta":{"_acf_changed":false},"product_brand":[],"product_cat":[301,309],"product_tag":[],"class_list":{"0":"post-368452","1":"product","2":"type-product","3":"status-publish","4":"has-post-thumbnail","6":"product_cat-glass-films","7":"product_cat-opaque-window-films","8":"pa_brand-solyx","10":"first","11":"onbackorder","12":"taxable","13":"shipping-taxable","14":"purchasable","15":"product-type-variable","16":"has-default-attributes"},"acf":[],"_links":{"self":[{"href":"https:\/\/staging.glassfilms.eu\/sv\/wp-json\/wp\/v2\/product\/368452","targetHints":{"allow":["GET"]}}],"collection":[{"href":"https:\/\/staging.glassfilms.eu\/sv\/wp-json\/wp\/v2\/product"}],"about":[{"href":"https:\/\/staging.glassfilms.eu\/sv\/wp-json\/wp\/v2\/types\/product"}],"version-history":[{"count":1,"href":"https:\/\/staging.glassfilms.eu\/sv\/wp-json\/wp\/v2\/product\/368452\/revisions"}],"predecessor-version":[{"id":384911,"href":"https:\/\/staging.glassfilms.eu\/sv\/wp-json\/wp\/v2\/product\/368452\/revisions\/384911"}],"wp:featuredmedia":[{"embeddable":true,"href":"https:\/\/staging.glassfilms.eu\/sv\/wp-json\/wp\/v2\/media\/368499"}],"wp:attachment":[{"href":"https:\/\/staging.glassfilms.eu\/sv\/wp-json\/wp\/v2\/media?parent=368452"}],"wp:term":[{"taxonomy":"product_brand","embeddable":true,"href":"https:\/\/staging.glassfilms.eu\/sv\/wp-json\/wp\/v2\/product_brand?post=368452"},{"taxonomy":"product_cat","embeddable":true,"href":"https:\/\/staging.glassfilms.eu\/sv\/wp-json\/wp\/v2\/product_cat?post=368452"},{"taxonomy":"product_tag","embeddable":true,"href":"https:\/\/staging.glassfilms.eu\/sv\/wp-json\/wp\/v2\/product_tag?post=368452"}],"curies":[{"name":"wp","href":"https:\/\/api.w.org\/{rel}","templated":true}]}}