{"id":368521,"date":"2024-06-12T10:14:44","date_gmt":"2024-06-12T10:14:44","guid":{"rendered":"https:\/\/www.glassfilms.eu\/new\/?post_type=product&#038;p=368521"},"modified":"2024-11-19T15:48:30","modified_gmt":"2024-11-19T15:48:30","slug":"sx-3171-moss-organic-cotton","status":"publish","type":"product","link":"https:\/\/staging.glassfilms.eu\/sv\/produkt\/glasfilmer\/patterned-window-film\/natural-patterned-window-film\/sx-3171-moss-organic-cotton\/","title":{"rendered":"SX-3171 Moss Ekologisk Bomull"},"content":{"rendered":"","protected":false},"excerpt":{"rendered":"<p>SX-3171 Moss Organic Cotton best\u00e5r av tunna vertikala och horisontella linjer som simulerar v\u00e4vt bomullsmaterial. Utrymmet mellan de f\u00e4rgade linjerna \u00e4r l\u00e4tt frostat, perfekt f\u00f6r att skymma sikten samtidigt som det ger bra ljusgenomsl\u00e4pp.<\/p>\n<p>Denna film rekommenderas f\u00f6r applicering p\u00e5 interi\u00f6r- och exteri\u00f6rglas (insidan). Tillverkad av h\u00e5llbar, optiskt klar PET-film med tryckt m\u00f6nster. Levereras med en silikonliner som skyddar det klara, tryckk\u00e4nsliga h\u00e4ft\u00e4mnet och appliceras med samma verktyg och tekniker som f\u00f6nsterfilmer.<\/p>","protected":false},"featured_media":368552,"template":"","meta":{"_acf_changed":false},"product_brand":[],"product_cat":[302,301,499,306],"product_tag":[],"class_list":{"0":"post-368521","1":"product","2":"type-product","3":"status-publish","4":"has-post-thumbnail","6":"product_cat-coloured-window-film","7":"product_cat-glass-films","8":"product_cat-natural-patterned-window-film","9":"product_cat-patterned-window-film","10":"pa_brand-solyx","12":"first","13":"onbackorder","14":"taxable","15":"shipping-taxable","16":"purchasable","17":"product-type-variable","18":"has-default-attributes"},"acf":[],"_links":{"self":[{"href":"https:\/\/staging.glassfilms.eu\/sv\/wp-json\/wp\/v2\/product\/368521","targetHints":{"allow":["GET"]}}],"collection":[{"href":"https:\/\/staging.glassfilms.eu\/sv\/wp-json\/wp\/v2\/product"}],"about":[{"href":"https:\/\/staging.glassfilms.eu\/sv\/wp-json\/wp\/v2\/types\/product"}],"version-history":[{"count":1,"href":"https:\/\/staging.glassfilms.eu\/sv\/wp-json\/wp\/v2\/product\/368521\/revisions"}],"predecessor-version":[{"id":384290,"href":"https:\/\/staging.glassfilms.eu\/sv\/wp-json\/wp\/v2\/product\/368521\/revisions\/384290"}],"wp:featuredmedia":[{"embeddable":true,"href":"https:\/\/staging.glassfilms.eu\/sv\/wp-json\/wp\/v2\/media\/368552"}],"wp:attachment":[{"href":"https:\/\/staging.glassfilms.eu\/sv\/wp-json\/wp\/v2\/media?parent=368521"}],"wp:term":[{"taxonomy":"product_brand","embeddable":true,"href":"https:\/\/staging.glassfilms.eu\/sv\/wp-json\/wp\/v2\/product_brand?post=368521"},{"taxonomy":"product_cat","embeddable":true,"href":"https:\/\/staging.glassfilms.eu\/sv\/wp-json\/wp\/v2\/product_cat?post=368521"},{"taxonomy":"product_tag","embeddable":true,"href":"https:\/\/staging.glassfilms.eu\/sv\/wp-json\/wp\/v2\/product_tag?post=368521"}],"curies":[{"name":"wp","href":"https:\/\/api.w.org\/{rel}","templated":true}]}}