{"id":387466,"date":"2024-10-31T14:15:37","date_gmt":"2024-10-31T14:15:37","guid":{"rendered":"https:\/\/www.glassfilms.eu\/product\/uncategorized\/sample-sgc-33-aztec\/"},"modified":"2024-11-19T17:33:20","modified_gmt":"2024-11-19T17:33:20","slug":"sgc-41-tessella","status":"publish","type":"product","link":"https:\/\/staging.glassfilms.eu\/sv\/produkt\/glasfilmer\/simulated-glass-films\/sgc-41-tessella\/","title":{"rendered":"SGC-41 Tessella"},"content":{"rendered":"<h2><span style=\"font-weight: 400;\">SimGlas Crystal Window Film UK FAQs<\/span><\/h2>\n<p><span style=\"font-weight: 400;\">We\u2019ve answered some of the most common questions about purchasing window films with crystal designs below.\u00a0<\/span><span style=\"font-weight: 400;\">Om du inte hittar din fr\u00e5ga, v\u00e4nligen kontakta v\u00e5r kundtj\u00e4nst genom att ringa oss p\u00e5 <\/span><span style=\"font-weight: 400;\">\u00a0<\/span><b>0800 970 6366<\/b><span style=\"font-weight: 400;\"> eller mejla oss p\u00e5 <\/span><a href=\"mailto:sales@glassfilms.eu\"><span style=\"font-weight: 400;\">sales@glassfilms.eu<\/span><\/a><span style=\"font-weight: 400;\">.<\/span><\/p>\n<p><span style=\"font-weight: 400;\">Du kan ocks\u00e5 h\u00e5lla dig uppdaterad om v\u00e5ra senaste nyheter och produktlanseringar genom att f\u00f6lja oss p\u00e5 <\/span><a href=\"https:\/\/twitter.com\/glassfilmseu\" target=\"_blank\" rel=\"noopener\"><span style=\"font-weight: 400;\">Twitter<\/span><\/a><span style=\"font-weight: 400;\">, <\/span><a href=\"https:\/\/www.facebook.com\/glassfilmseurope\" target=\"_blank\" rel=\"noopener\"><span style=\"font-weight: 400;\">Facebook<\/span><\/a><span style=\"font-weight: 400;\"> eller <\/span><a href=\"https:\/\/www.pinterest.co.uk\/glassfilms\/\" target=\"_blank\" rel=\"noopener\"><span style=\"font-weight: 400;\">Pinterest<\/span><\/a><span style=\"font-weight: 400;\">.\u00a0<\/span><\/p>\n<p><span style=\"font-weight: 400;\">Or you can explore our full product range by browsing the <\/span><a href=\"https:\/\/staging.glassfilms.eu\/sv\/katalog\/\"><span style=\"font-weight: 400;\">Katalog \u00f6ver glasfilmer<\/span><\/a><span style=\"font-weight: 400;\">.\u00a0<\/span><\/p>\n<h3><span style=\"font-weight: 400;\">What is crystal glass?<\/span><\/h3>\n<p><span style=\"font-weight: 400;\">For those unfamiliar with crystal glass, it is a luxurious form of glass used to make high-end glassware such as wine glasses, decanters and chandeliers. Crystal glasses are often reserved for the most prestigious occasions.\u00a0<\/span><span style=\"font-weight: 400;\">Known for its clarity and dazzling beauty, many of these much-revered characteristics of crystal glass have also been replicated within our SGC window films.\u00a0<\/span><span style=\"font-weight: 400;\">It is possible to choose an SGC window film that offers privacy. Though, the SGC range is mostly preferred to enhance the appearance of the window glass itself.\u00a0<\/span><\/p>\n<h3><span style=\"font-weight: 400;\">What are crystal window films?<\/span><\/h3>\n<p><span style=\"font-weight: 400;\">SGC &#8211; SimGlas\u00ae is the name given to our window films which give the appearance of crystal glass.\u00a0<\/span><span style=\"font-weight: 400;\">The ability to apply the high-end look of crystal glass onto plain glass through the use of window film reduces the cost, time and effort involved in updating glass surfaces. The result gives a sophisticated look to your glass, while also boasting enhanced privacy.\u00a0<\/span><span style=\"font-weight: 400;\">After the initials \u2018SGC\u2019, you\u2019ll see a specific product code attached. Each SGC code relates to a different style of crystal window glass for ease of ordering.<\/span><\/p>\n<h3><span style=\"font-weight: 400;\">What is the difference between crystal window glass and crystal window film?<\/span><\/h3>\n<p><span style=\"font-weight: 400;\">Like most styles of decorative glass, it\u2019s not easy or cheap to manufacture crystal glass. In addition, not all glass styles are suitable for particular uses, including within windows or doors.\u00a0<\/span><span style=\"font-weight: 400;\">But when the design flourishes of crystal class are replicated within window film, suddenly the opportunities become endless.\u00a0<\/span><\/p>\n<p><span style=\"font-weight: 400;\">A similar example is how porcelain tiles can now replicate wooden floors, to offer homeowners a more practical floor surface. The exact ethos also applies to SGC crystal window film, in that you can achieve the look of crystal glass, but within a user-friendly window film format.\u00a0<\/span><span style=\"font-weight: 400;\">As we\u2019re about to cover with our usage idea suggestions, there are lots of ways that SGC crystal window film glass can be used throughout the interior spaces of your home.<\/span><\/p>\n<h3><span style=\"font-weight: 400;\">Where To Buy <\/span><span style=\"font-weight: 400;\">Crystal <\/span><span style=\"font-weight: 400;\">Window Film?<\/span><\/h3>\n<p><span style=\"font-weight: 400;\">Glass Films stocks a wide range of crystal window film designs (known as SGC) on our website. Crystal window film mimics the characteristics of crystal glass but within a vinyl window film format. To purchase our window film, simply shop your preferred style, select the size you need and place your order.\u00a0<\/span><\/p>\n<h3><span style=\"font-weight: 400;\">Does Window Film Keep The Heat Out?<\/span><\/h3>\n<p><span style=\"font-weight: 400;\">Yes, depending on the window film you select. For maximum heat rejection, we\u2019d suggest our <\/span><a href=\"https:\/\/staging.glassfilms.eu\/sv\/produkt\/decorative-glass-films\/ultracool-s6060-60-vlt-silver-window-film\/\"><span style=\"font-weight: 400;\">UltraCool-S6060 60% VLT Silver f\u00f6nsterfilm<\/span><\/a><span style=\"font-weight: 400;\"> which boasts 43% solar heat rejection. Within our SGC range specifically, you\u2019ll find a range of window films which have various UV transmission ratings, which is a similar property to look out for.\u00a0<\/span><\/p>\n<h3><span style=\"font-weight: 400;\">How To Fit Window Film<\/span><\/h3>\n<p><span style=\"font-weight: 400;\">Instructions on how to fit your window film can be found on the product listing. We\u2019ve made the process simple, so that you can easily install and remove your window film. Alternatively, you can use a trusted installer of window films to apply it for you.\u00a0<\/span><\/p>","protected":false},"excerpt":{"rendered":"<div style=\"text-align: left;\" align=\"center\">Transform your windows with Tessella, a tasteful display of tile-like patterns that bring a touch of artistry and subtle privacy to your space.<\/div>","protected":false},"featured_media":387469,"template":"","meta":{"_acf_changed":false},"product_brand":[],"product_cat":[378],"product_tag":[],"class_list":{"0":"post-387466","1":"product","2":"type-product","3":"status-publish","4":"has-post-thumbnail","6":"product_cat-simulated-glass-films","7":"pa_brand-simglas","9":"first","10":"onbackorder","11":"taxable","12":"shipping-taxable","13":"purchasable","14":"product-type-variable","15":"has-default-attributes"},"acf":[],"_links":{"self":[{"href":"https:\/\/staging.glassfilms.eu\/sv\/wp-json\/wp\/v2\/product\/387466","targetHints":{"allow":["GET"]}}],"collection":[{"href":"https:\/\/staging.glassfilms.eu\/sv\/wp-json\/wp\/v2\/product"}],"about":[{"href":"https:\/\/staging.glassfilms.eu\/sv\/wp-json\/wp\/v2\/types\/product"}],"version-history":[{"count":4,"href":"https:\/\/staging.glassfilms.eu\/sv\/wp-json\/wp\/v2\/product\/387466\/revisions"}],"predecessor-version":[{"id":387517,"href":"https:\/\/staging.glassfilms.eu\/sv\/wp-json\/wp\/v2\/product\/387466\/revisions\/387517"}],"wp:featuredmedia":[{"embeddable":true,"href":"https:\/\/staging.glassfilms.eu\/sv\/wp-json\/wp\/v2\/media\/387469"}],"wp:attachment":[{"href":"https:\/\/staging.glassfilms.eu\/sv\/wp-json\/wp\/v2\/media?parent=387466"}],"wp:term":[{"taxonomy":"product_brand","embeddable":true,"href":"https:\/\/staging.glassfilms.eu\/sv\/wp-json\/wp\/v2\/product_brand?post=387466"},{"taxonomy":"product_cat","embeddable":true,"href":"https:\/\/staging.glassfilms.eu\/sv\/wp-json\/wp\/v2\/product_cat?post=387466"},{"taxonomy":"product_tag","embeddable":true,"href":"https:\/\/staging.glassfilms.eu\/sv\/wp-json\/wp\/v2\/product_tag?post=387466"}],"curies":[{"name":"wp","href":"https:\/\/api.w.org\/{rel}","templated":true}]}}